{"id":3,"date":"2024-06-03T10:47:25","date_gmt":"2024-06-03T10:47:25","guid":{"rendered":"https:\/\/sporthopp.com\/?page_id=3"},"modified":"2026-02-06T15:03:36","modified_gmt":"2026-02-06T15:03:36","slug":"vilkar-og-betingelser","status":"publish","type":"page","link":"https:\/\/sporthopp.com\/da\/vilkar-og-betingelser\/","title":{"rendered":"Vilk\u00e5r og betingelser"},"content":{"rendered":"<div id=\"fws_6a03b978c7d62\"  data-column-margin=\"default\" data-midnight=\"dark\"  class=\"wpb_row vc_row-fluid vc_row\"  style=\"padding-top: 0px; padding-bottom: 0px; \"><div class=\"row-bg-wrap\" data-bg-animation=\"none\" data-bg-animation-delay=\"\" data-bg-overlay=\"false\"><div class=\"inner-wrap row-bg-layer\" ><div class=\"row-bg viewport-desktop\"  style=\"\"><\/div><\/div><\/div><div class=\"row_col_wrap_12 col span_12 dark left\">\n\t<div  class=\"vc_col-sm-12 wpb_column column_container vc_column_container col no-extra-padding inherit_tablet inherit_phone\"  data-padding-pos=\"all\" data-has-bg-color=\"false\" data-bg-color=\"\" data-bg-opacity=\"1\" data-animation=\"\" data-delay=\"0\" >\n\t\t<div class=\"vc_column-inner\" >\n\t\t\t<div class=\"wpb_wrapper\">\n\t\t\t\t\n<div class=\"wpb_text_column wpb_content_element\" >\n\t<div class=\"wpb_wrapper\">\n\t\t<div class=\"aioseo-breadcrumbs\"><span class=\"aioseo-breadcrumb\">\n\tStartside\n<\/span><\/div>\n\t<\/div>\n<\/div>\n\n\n\n\n\t\t\t<\/div> \n\t\t<\/div>\n\t<\/div> \n<\/div><\/div>\n\t\t<div id=\"fws_6a03b978c88ac\"  data-column-margin=\"default\" data-midnight=\"dark\"  class=\"wpb_row vc_row-fluid vc_row\"  style=\"padding-top: 0px; padding-bottom: 0px; \"><div class=\"row-bg-wrap\" data-bg-animation=\"none\" data-bg-animation-delay=\"\" data-bg-overlay=\"false\"><div class=\"inner-wrap row-bg-layer\" ><div class=\"row-bg viewport-desktop\"  style=\"\"><\/div><\/div><\/div><div class=\"row_col_wrap_12 col span_12 dark left\">\n\t<div  class=\"vc_col-sm-12 wpb_column column_container vc_column_container col no-extra-padding inherit_tablet inherit_phone\"  data-padding-pos=\"all\" data-has-bg-color=\"false\" data-bg-color=\"\" data-bg-opacity=\"1\" data-animation=\"\" data-delay=\"0\" >\n\t\t<div class=\"vc_column-inner\" >\n\t\t\t<div class=\"wpb_wrapper\">\n\t\t\t\t\n<div class=\"wpb_text_column wpb_content_element\" >\n\t<div class=\"wpb_wrapper\">\n\t\t<p>Vilk\u00e5r og betingelser for Sporthopp.com<\/p>\n<p>Velkommen til Sporthopp.com! Disse vilk\u00e5r og betingelser beskriver reglerne og forskrifterne for brugen af Sporthopp.com-webstedet.<\/p>\n<p>Ved at bes\u00f8ge dette websted antager vi, at du accepterer disse vilk\u00e5r og betingelser fuldt ud. Forts\u00e6t ikke med at bruge Sporthopp.com-webstedet, hvis du ikke accepterer alle de vilk\u00e5r og betingelser, der er angivet p\u00e5 denne side.<\/p>\n<p>1. Definitioner<\/p>\n<p>\"Sporthopp.com\" henviser til vores websted, dets ejere og operat\u00f8rer.<\/p>\n<p>\"Bruger\", \"du\" og \"din\" henviser til dig, den person, der bes\u00f8ger dette websted og accepterer vilk\u00e5rene og betingelserne.<\/p>\n<p>\"Indhold\" henviser til al tekst, grafik, billeder, lyd, video, software, datasamlinger og enhver anden form for information, der kan gemmes p\u00e5 en computer, og som vises p\u00e5 eller er en del af dette websted.<\/p>\n<p>2. Intellektuelle ejendomsrettigheder<\/p>\n<p>Medmindre andet er angivet, ejer Sporthopp.com og\/eller dets licensgivere de intellektuelle ejendomsrettigheder til alt materiale p\u00e5 Sporthopp.com. Alle intellektuelle ejendomsrettigheder er forbeholdt. Du kan se og\/eller udskrive sider fra Sporthopp.com til dit eget personlige brug, med forbehold for de begr\u00e6nsninger, der er angivet i disse vilk\u00e5r og betingelser.<\/p>\n<p>Det kan du ikke:<\/p>\n<p>Genudgiv materiale fra Sporthopp.com<\/p>\n<p>S\u00e6lge, udleje eller underlicensere materiale fra Sporthopp.com<\/p>\n<p>Reproducere, duplikere eller kopiere materiale fra Sporthopp.com<\/p>\n<p>Videredistribuere indhold fra Sporthopp.com (medmindre indholdet specifikt er beregnet til videre distribution).<\/p>\n<p>3. Brugerens ansvar<\/p>\n<p>Du m\u00e5 ikke bruge webstedet p\u00e5 nogen m\u00e5de, der for\u00e5rsager eller sandsynligvis vil for\u00e5rsage skade p\u00e5 webstedet eller forringe tilg\u00e6ngeligheden af eller adgangen til webstedet, eller p\u00e5 nogen m\u00e5de, der er ulovlig, svigagtig eller skadelig, eller i forbindelse med noget ulovligt, svigagtigt eller skadeligt form\u00e5l eller aktivitet.<\/p>\n<p>4. Ansvarsfraskrivelse<\/p>\n<p>Indholdet p\u00e5 Sporthopp.com er kun til generel information. Det udg\u00f8r ikke professionel r\u00e5dgivning eller anbefaling. Sporthopp.com giver ingen erkl\u00e6ringer eller garantier, udtrykkelige eller underforst\u00e5ede, om n\u00f8jagtigheden, p\u00e5lideligheden, egnetheden eller tilg\u00e6ngeligheden med hensyn til hjemmesiden eller oplysningerne, produkterne, tjenesterne eller den relaterede grafik, der findes p\u00e5 hjemmesiden til ethvert form\u00e5l. Enhver tillid, du s\u00e6tter til s\u00e5danne oplysninger, er derfor strengt p\u00e5 din egen risiko.<\/p>\n<p>Vi er en uafh\u00e6ngig organisation og genererer ikke indt\u00e6gter gennem affiliate-partnerskaber. Vores anmeldelser og indhold er baseret p\u00e5 uafh\u00e6ngige analyser og ekspertvurderinger.<\/p>\n<p>5. Begr\u00e6nsning af ansvar<\/p>\n<p>Sporthopp.com er under ingen omst\u00e6ndigheder ansvarlig for tab eller skader, herunder, uden begr\u00e6nsning, indirekte tab eller f\u00f8lgeskader eller tab eller skader, der opst\u00e5r som f\u00f8lge af tab af data eller fortjeneste, der opst\u00e5r som f\u00f8lge af eller i forbindelse med brugen af dette websted.<\/p>\n<p>6. Eksterne links<\/p>\n<p>Sporthopp.com kan indeholde links til eksterne hjemmesider, der ikke leveres eller vedligeholdes af eller p\u00e5 nogen m\u00e5de er tilknyttet Sporthopp.com. V\u00e6r opm\u00e6rksom p\u00e5, at Sporthopp.com ikke garanterer n\u00f8jagtigheden, relevansen, aktualiteten eller fuldst\u00e6ndigheden af oplysningerne p\u00e5 disse eksterne websteder.<\/p>\n<p>7. Revisioner og typografiske fejl<\/p>\n<p>Materialet p\u00e5 Sporthopp.com's hjemmeside kan indeholde tekniske, typografiske eller fotografiske fejl. Sporthopp.com garanterer ikke, at noget af materialet p\u00e5 dets websted er n\u00f8jagtigt, komplet eller aktuelt. Sporthopp.com kan foretage \u00e6ndringer i materialerne p\u00e5 sin hjemmeside til enhver tid uden varsel.<\/p>\n<p>8. G\u00e6ldende lovgivning<\/p>\n<p>Ethvert krav vedr\u00f8rende Sporthopp.com-webstedet skal styres af lovgivningen i den jurisdiktion, hvor Sporthopp.com opererer, uden hensyntagen til dens lovkonfliktbestemmelser.<\/p>\n<p>9. \u00c6ndringer<\/p>\n<p>Sporthopp.com kan revidere disse vilk\u00e5r og betingelser til enhver tid uden varsel. Ved at bruge dette websted accepterer du at v\u00e6re bundet af den til enhver tid g\u00e6ldende version af disse vilk\u00e5r og betingelser.<\/p>\n<p>10. Kontaktoplysninger<\/p>\n<p>Hvis du har sp\u00f8rgsm\u00e5l til disse vilk\u00e5r og betingelser, er du velkommen til at kontakte os.<\/p>\n\t<\/div>\n<\/div>\n\n\n\n\n\t\t\t<\/div> \n\t\t<\/div>\n\t<\/div> \n<\/div><\/div>","protected":false},"excerpt":{"rendered":"Forside Sporthopp.com Vilk\u00e5r og betingelser Velkommen til Sporthopp.com! Disse vilk\u00e5r og betingelser beskriver reglerne og betingelserne for brug af Sporthopp.com's hjemmeside. Ved at bes\u00f8ge dette websted antager vi, at du accepterer disse vilk\u00e5r og betingelser fuldt ud. Forts\u00e6t ikke...","protected":false},"author":7,"featured_media":0,"parent":0,"menu_order":0,"comment_status":"closed","ping_status":"closed","template":"","meta":{"_acf_changed":false,"inline_featured_image":false,"_glsr_average":0,"_glsr_ranking":0,"_glsr_reviews":0,"footnotes":""},"class_list":["post-3","page","type-page","status-publish"],"acf":[],"aioseo_notices":[],"aioseo_head":"\n\t\t<!-- All in One SEO Pro 4.8.1.1 - aioseo.com -->\n\t<meta name=\"description\" content=\"Hjem &gt; Vilk\u00e5r og betingelser Vilk\u00e5r og betingelser for Sporthopp.com Velkommen til Sporthopp.com! Disse vilk\u00e5rene og betingelsene beskriver reglene og betingelsene for bruk av Sporthopp.com-nettstedet. Ved \u00e5 bes\u00f8ke dette nettstedet antar vi at du godtar disse vilk\u00e5rene og betingelsene i sin helhet. Ikke fortsett \u00e5 bruke Sporthopp.com-nettstedet hvis du ikke godtar alle vilk\u00e5rene og betingelsene\" \/>\n\t<meta name=\"robots\" content=\"max-image-preview:large\" \/>\n\t<link rel=\"canonical\" href=\"https:\/\/sporthopp.com\/da\/vilkar-og-betingelser\/\" \/>\n\t<meta name=\"generator\" content=\"All in One SEO Pro (AIOSEO) 4.8.1.1\" \/>\n\t\t<meta property=\"og:locale\" content=\"da_DK\" \/>\n\t\t<meta property=\"og:site_name\" content=\"Sporthopp.com -\" \/>\n\t\t<meta property=\"og:type\" content=\"website\" \/>\n\t\t<meta property=\"og:title\" content=\"Vilk\u00e5r og betingelser - Sporthopp.com\" \/>\n\t\t<meta property=\"og:description\" content=\"Hjem &gt; Vilk\u00e5r og betingelser Vilk\u00e5r og betingelser for Sporthopp.com Velkommen til Sporthopp.com! Disse vilk\u00e5rene og betingelsene beskriver reglene og betingelsene for bruk av Sporthopp.com-nettstedet. Ved \u00e5 bes\u00f8ke dette nettstedet antar vi at du godtar disse vilk\u00e5rene og betingelsene i sin helhet. Ikke fortsett \u00e5 bruke Sporthopp.com-nettstedet hvis du ikke godtar alle vilk\u00e5rene og betingelsene\" \/>\n\t\t<meta property=\"og:url\" content=\"https:\/\/sporthopp.com\/da\/vilkar-og-betingelser\/\" \/>\n\t\t<meta property=\"og:image\" content=\"https:\/\/sporthopp.com\/wp-content\/uploads\/2026\/02\/sporthopp-logo.png\" \/>\n\t\t<meta property=\"og:image:secure_url\" content=\"https:\/\/sporthopp.com\/wp-content\/uploads\/2026\/02\/sporthopp-logo.png\" \/>\n\t\t<meta property=\"og:image:width\" content=\"1119\" \/>\n\t\t<meta property=\"og:image:height\" content=\"564\" \/>\n\t\t<meta name=\"twitter:card\" content=\"summary_large_image\" \/>\n\t\t<meta name=\"twitter:site\" content=\"@MarekProch97105\" \/>\n\t\t<meta name=\"twitter:title\" content=\"Vilk\u00e5r og betingelser - Sporthopp.com\" \/>\n\t\t<meta name=\"twitter:description\" content=\"Hjem &gt; Vilk\u00e5r og betingelser Vilk\u00e5r og betingelser for Sporthopp.com Velkommen til Sporthopp.com! Disse vilk\u00e5rene og betingelsene beskriver reglene og betingelsene for bruk av Sporthopp.com-nettstedet. Ved \u00e5 bes\u00f8ke dette nettstedet antar vi at du godtar disse vilk\u00e5rene og betingelsene i sin helhet. Ikke fortsett \u00e5 bruke Sporthopp.com-nettstedet hvis du ikke godtar alle vilk\u00e5rene og betingelsene\" \/>\n\t\t<meta name=\"twitter:creator\" content=\"@MarekProch97105\" \/>\n\t\t<meta name=\"twitter:image\" content=\"https:\/\/sporthopp.com\/wp-content\/uploads\/2026\/02\/sporthopp-logo.png\" \/>\n\t\t<script type=\"application\/ld+json\" class=\"aioseo-schema\">\n\t\t\t{\"@context\":\"https:\\\/\\\/schema.org\",\"@graph\":[{\"@type\":\"BreadcrumbList\",\"@id\":\"https:\\\/\\\/sporthopp.com\\\/da\\\/vilkar-og-betingelser\\\/#breadcrumblist\",\"itemListElement\":[{\"@type\":\"ListItem\",\"@id\":\"https:\\\/\\\/sporthopp.com\\\/da\\\/#listItem\",\"position\":1,\"name\":\"Home\",\"item\":\"https:\\\/\\\/sporthopp.com\\\/da\\\/\",\"nextItem\":{\"@type\":\"ListItem\",\"@id\":\"https:\\\/\\\/sporthopp.com\\\/da\\\/vilkar-og-betingelser\\\/#listItem\",\"name\":\"Vilk\\u00e5r og betingelser\"}},{\"@type\":\"ListItem\",\"@id\":\"https:\\\/\\\/sporthopp.com\\\/da\\\/vilkar-og-betingelser\\\/#listItem\",\"position\":2,\"name\":\"Vilk\\u00e5r og betingelser\",\"previousItem\":{\"@type\":\"ListItem\",\"@id\":\"https:\\\/\\\/sporthopp.com\\\/da\\\/#listItem\",\"name\":\"Home\"}}]},{\"@type\":\"Organization\",\"@id\":\"https:\\\/\\\/sporthopp.com\\\/da\\\/#organization\",\"name\":\"Sporthopp.com\",\"url\":\"https:\\\/\\\/sporthopp.com\\\/da\\\/\",\"logo\":{\"@type\":\"ImageObject\",\"url\":\"https:\\\/\\\/sporthopp.com\\\/wp-content\\\/uploads\\\/2026\\\/02\\\/sporthopp-logo.png\",\"@id\":\"https:\\\/\\\/sporthopp.com\\\/da\\\/vilkar-og-betingelser\\\/#organizationLogo\",\"width\":1119,\"height\":564},\"image\":{\"@id\":\"https:\\\/\\\/sporthopp.com\\\/da\\\/vilkar-og-betingelser\\\/#organizationLogo\"},\"sameAs\":[\"https:\\\/\\\/x.com\\\/MarekProch97105\",\"https:\\\/\\\/www.linkedin.com\\\/in\\\/marek-prochzka-a44875328\\\/\"]},{\"@type\":\"WebPage\",\"@id\":\"https:\\\/\\\/sporthopp.com\\\/da\\\/vilkar-og-betingelser\\\/#webpage\",\"url\":\"https:\\\/\\\/sporthopp.com\\\/da\\\/vilkar-og-betingelser\\\/\",\"name\":\"Vilk\\u00e5r og betingelser - Sporthopp.com\",\"description\":\"Hjem > Vilk\\u00e5r og betingelser Vilk\\u00e5r og betingelser for Sporthopp.com Velkommen til Sporthopp.com! Disse vilk\\u00e5rene og betingelsene beskriver reglene og betingelsene for bruk av Sporthopp.com-nettstedet. Ved \\u00e5 bes\\u00f8ke dette nettstedet antar vi at du godtar disse vilk\\u00e5rene og betingelsene i sin helhet. Ikke fortsett \\u00e5 bruke Sporthopp.com-nettstedet hvis du ikke godtar alle vilk\\u00e5rene og betingelsene\",\"inLanguage\":\"da-DK\",\"isPartOf\":{\"@id\":\"https:\\\/\\\/sporthopp.com\\\/da\\\/#website\"},\"breadcrumb\":{\"@id\":\"https:\\\/\\\/sporthopp.com\\\/da\\\/vilkar-og-betingelser\\\/#breadcrumblist\"},\"datePublished\":\"2024-06-03T10:47:25+00:00\",\"dateModified\":\"2026-02-06T15:03:36+00:00\"},{\"@type\":\"WebSite\",\"@id\":\"https:\\\/\\\/sporthopp.com\\\/da\\\/#website\",\"url\":\"https:\\\/\\\/sporthopp.com\\\/da\\\/\",\"name\":\"Sporthopp.com\",\"inLanguage\":\"da-DK\",\"publisher\":{\"@id\":\"https:\\\/\\\/sporthopp.com\\\/da\\\/#organization\"}}]}\n\t\t<\/script>\n\t\t<!-- All in One SEO Pro -->\r\n\t\t<title>Vilk\u00e5r og betingelser - Sporthopp.com<\/title>\n\n","aioseo_head_json":{"title":"Vilk\u00e5r og betingelser - Sporthopp.com","description":"Hjem &gt; Vilk\u00e5r og betingelser Sporthopp.com Vilk\u00e5r og betingelser Velkommen til Sporthopp.com! Disse vilk\u00e5r og betingelser beskriver reglerne og betingelserne for brug af Sporthopp.com's hjemmeside. Ved at bes\u00f8ge dette websted antager vi, at du accepterer disse vilk\u00e5r og betingelser fuldt ud. Forts\u00e6t ikke med at bruge Sporthopp.com's hjemmeside, hvis du ikke accepterer alle vilk\u00e5r og betingelser.","canonical_url":"https:\/\/sporthopp.com\/da\/vilkar-og-betingelser\/","robots":"max-image-preview:large","keywords":"","webmasterTools":{"miscellaneous":""},"schema":{"@context":"https:\/\/schema.org","@graph":[{"@type":"BreadcrumbList","@id":"https:\/\/sporthopp.com\/da\/vilkar-og-betingelser\/#breadcrumblist","itemListElement":[{"@type":"ListItem","@id":"https:\/\/sporthopp.com\/da\/#listItem","position":1,"name":"Home","item":"https:\/\/sporthopp.com\/da\/","nextItem":{"@type":"ListItem","@id":"https:\/\/sporthopp.com\/da\/vilkar-og-betingelser\/#listItem","name":"Vilk\u00e5r og betingelser"}},{"@type":"ListItem","@id":"https:\/\/sporthopp.com\/da\/vilkar-og-betingelser\/#listItem","position":2,"name":"Vilk\u00e5r og betingelser","previousItem":{"@type":"ListItem","@id":"https:\/\/sporthopp.com\/da\/#listItem","name":"Home"}}]},{"@type":"Organization","@id":"https:\/\/sporthopp.com\/da\/#organization","name":"Sporthopp.com","url":"https:\/\/sporthopp.com\/da\/","logo":{"@type":"ImageObject","url":"https:\/\/sporthopp.com\/wp-content\/uploads\/2026\/02\/sporthopp-logo.png","@id":"https:\/\/sporthopp.com\/da\/vilkar-og-betingelser\/#organizationLogo","width":1119,"height":564},"image":{"@id":"https:\/\/sporthopp.com\/da\/vilkar-og-betingelser\/#organizationLogo"},"sameAs":["https:\/\/x.com\/MarekProch97105","https:\/\/www.linkedin.com\/in\/marek-prochzka-a44875328\/"]},{"@type":"WebPage","@id":"https:\/\/sporthopp.com\/da\/vilkar-og-betingelser\/#webpage","url":"https:\/\/sporthopp.com\/da\/vilkar-og-betingelser\/","name":"Vilk\u00e5r og betingelser - Sporthopp.com","description":"Hjem > Vilk\u00e5r og betingelser Vilk\u00e5r og betingelser for Sporthopp.com Velkommen til Sporthopp.com! Disse vilk\u00e5rene og betingelsene beskriver reglene og betingelsene for bruk av Sporthopp.com-nettstedet. Ved \u00e5 bes\u00f8ke dette nettstedet antar vi at du godtar disse vilk\u00e5rene og betingelsene i sin helhet. Ikke fortsett \u00e5 bruke Sporthopp.com-nettstedet hvis du ikke godtar alle vilk\u00e5rene og betingelsene","inLanguage":"da-DK","isPartOf":{"@id":"https:\/\/sporthopp.com\/da\/#website"},"breadcrumb":{"@id":"https:\/\/sporthopp.com\/da\/vilkar-og-betingelser\/#breadcrumblist"},"datePublished":"2024-06-03T10:47:25+00:00","dateModified":"2026-02-06T15:03:36+00:00"},{"@type":"WebSite","@id":"https:\/\/sporthopp.com\/da\/#website","url":"https:\/\/sporthopp.com\/da\/","name":"Sporthopp.com","inLanguage":"da-DK","publisher":{"@id":"https:\/\/sporthopp.com\/da\/#organization"}}]},"og:locale":"da_DK","og:site_name":"Sporthopp.com -","og:type":"website","og:title":"Vilk\u00e5r og betingelser - Sporthopp.com","og:description":"Hjem &gt; Vilk\u00e5r og betingelser Vilk\u00e5r og betingelser for Sporthopp.com Velkommen til Sporthopp.com! Disse vilk\u00e5rene og betingelsene beskriver reglene og betingelsene for bruk av Sporthopp.com-nettstedet. Ved \u00e5 bes\u00f8ke dette nettstedet antar vi at du godtar disse vilk\u00e5rene og betingelsene i sin helhet. Ikke fortsett \u00e5 bruke Sporthopp.com-nettstedet hvis du ikke godtar alle vilk\u00e5rene og betingelsene","og:url":"https:\/\/sporthopp.com\/da\/vilkar-og-betingelser\/","og:image":"https:\/\/sporthopp.com\/wp-content\/uploads\/2026\/02\/sporthopp-logo.png","og:image:secure_url":"https:\/\/sporthopp.com\/wp-content\/uploads\/2026\/02\/sporthopp-logo.png","og:image:width":1119,"og:image:height":564,"twitter:card":"summary_large_image","twitter:site":"@MarekProch97105","twitter:title":"Vilk\u00e5r og betingelser - Sporthopp.com","twitter:description":"Hjem &gt; Vilk\u00e5r og betingelser Vilk\u00e5r og betingelser for Sporthopp.com Velkommen til Sporthopp.com! Disse vilk\u00e5rene og betingelsene beskriver reglene og betingelsene for bruk av Sporthopp.com-nettstedet. Ved \u00e5 bes\u00f8ke dette nettstedet antar vi at du godtar disse vilk\u00e5rene og betingelsene i sin helhet. Ikke fortsett \u00e5 bruke Sporthopp.com-nettstedet hvis du ikke godtar alle vilk\u00e5rene og betingelsene","twitter:creator":"@MarekProch97105","twitter:image":"https:\/\/sporthopp.com\/wp-content\/uploads\/2026\/02\/sporthopp-logo.png"},"aioseo_meta_data":{"post_id":"3","title":null,"description":null,"keywords":null,"keyphrases":{"focus":{"keyphrase":"","score":0,"analysis":{"keyphraseInTitle":{"score":0,"maxScore":9,"error":1}}},"additional":[]},"primary_term":null,"canonical_url":null,"og_title":null,"og_description":null,"og_object_type":"website","og_image_type":"default","og_image_url":null,"og_image_width":null,"og_image_height":null,"og_image_custom_url":null,"og_image_custom_fields":null,"og_video":"","og_custom_url":null,"og_article_section":null,"og_article_tags":null,"twitter_use_og":false,"twitter_card":"default","twitter_image_type":"default","twitter_image_url":null,"twitter_image_custom_url":null,"twitter_image_custom_fields":null,"twitter_title":null,"twitter_description":null,"schema":{"blockGraphs":[],"customGraphs":[],"default":{"data":{"Article":[],"Course":[],"Dataset":[],"FAQPage":[],"Movie":[],"Person":[],"Product":[],"ProductReview":[],"Car":[],"Recipe":[],"Service":[],"SoftwareApplication":[],"WebPage":[]},"graphName":"WebPage","isEnabled":true},"graphs":[]},"schema_type":"default","schema_type_options":null,"pillar_content":false,"robots_default":true,"robots_noindex":false,"robots_noarchive":false,"robots_nosnippet":false,"robots_nofollow":false,"robots_noimageindex":false,"robots_noodp":false,"robots_notranslate":false,"robots_max_snippet":"-1","robots_max_videopreview":"-1","robots_max_imagepreview":"large","priority":null,"frequency":"default","local_seo":null,"limit_modified_date":false,"reviewed_by":null,"open_ai":{"title":{"suggestions":[],"usage":0},"description":{"suggestions":[],"usage":0}},"created":"2024-07-26 14:56:51","updated":"2026-02-06 15:09:04"},"aioseo_breadcrumb":"<div class=\"aioseo-breadcrumbs\"><span class=\"aioseo-breadcrumb\">\n\t<a href=\"https:\/\/sporthopp.com\/da\" title=\"Hjem\">Hjem<\/a>\n<\/span><span class=\"aioseo-breadcrumb-separator\">&gt;<\/span><span class=\"aioseo-breadcrumb\">\n\tVilk\u00e5r og betingelser\n<\/span><\/div>","aioseo_breadcrumb_json":[{"label":"Hjem","link":"https:\/\/sporthopp.com\/da"},{"label":"Vilk\u00e5r og betingelser","link":"https:\/\/sporthopp.com\/da\/vilkar-og-betingelser\/"}],"_links":{"self":[{"href":"https:\/\/sporthopp.com\/da\/wp-json\/wp\/v2\/pages\/3","targetHints":{"allow":["GET"]}}],"collection":[{"href":"https:\/\/sporthopp.com\/da\/wp-json\/wp\/v2\/pages"}],"about":[{"href":"https:\/\/sporthopp.com\/da\/wp-json\/wp\/v2\/types\/page"}],"author":[{"embeddable":true,"href":"https:\/\/sporthopp.com\/da\/wp-json\/wp\/v2\/users\/7"}],"replies":[{"embeddable":true,"href":"https:\/\/sporthopp.com\/da\/wp-json\/wp\/v2\/comments?post=3"}],"version-history":[{"count":3,"href":"https:\/\/sporthopp.com\/da\/wp-json\/wp\/v2\/pages\/3\/revisions"}],"predecessor-version":[{"id":13020,"href":"https:\/\/sporthopp.com\/da\/wp-json\/wp\/v2\/pages\/3\/revisions\/13020"}],"wp:attachment":[{"href":"https:\/\/sporthopp.com\/da\/wp-json\/wp\/v2\/media?parent=3"}],"curies":[{"name":"wp","href":"https:\/\/api.w.org\/{rel}","templated":true}]}}