{"id":11965,"date":"2025-04-24T14:18:29","date_gmt":"2025-04-24T14:18:29","guid":{"rendered":"https:\/\/sporthopp.com\/?page_id=11965"},"modified":"2026-02-06T14:56:10","modified_gmt":"2026-02-06T14:56:10","slug":"fortrolighedserklaering-for-sportsspring","status":"publish","type":"page","link":"https:\/\/sporthopp.com\/da\/fortrolighedserklaering-for-sportsspring\/","title":{"rendered":"Fortrolighedspolitik for Sporthopp"},"content":{"rendered":"<div id=\"fws_6a03ba9141830\"  data-column-margin=\"default\" data-midnight=\"dark\"  class=\"wpb_row vc_row-fluid vc_row\"  style=\"padding-top: 0px; padding-bottom: 0px; \"><div class=\"row-bg-wrap\" data-bg-animation=\"none\" data-bg-animation-delay=\"\" data-bg-overlay=\"false\"><div class=\"inner-wrap row-bg-layer\" ><div class=\"row-bg viewport-desktop\"  style=\"\"><\/div><\/div><\/div><div class=\"row_col_wrap_12 col span_12 dark left\">\n\t<div  class=\"vc_col-sm-12 wpb_column column_container vc_column_container col no-extra-padding inherit_tablet inherit_phone\"  data-padding-pos=\"all\" data-has-bg-color=\"false\" data-bg-color=\"\" data-bg-opacity=\"1\" data-animation=\"\" data-delay=\"0\" >\n\t\t<div class=\"vc_column-inner\" >\n\t\t\t<div class=\"wpb_wrapper\">\n\t\t\t\t\n<div class=\"wpb_text_column wpb_content_element\" >\n\t<div class=\"wpb_wrapper\">\n\t\t<div class=\"aioseo-breadcrumbs\"><span class=\"aioseo-breadcrumb\">\n\tStartside\n<\/span><\/div>\n\t<\/div>\n<\/div>\n\n\n\n\n\t\t\t<\/div> \n\t\t<\/div>\n\t<\/div> \n<\/div><\/div>\n\t\t<div id=\"fws_6a03ba914210f\"  data-column-margin=\"default\" data-midnight=\"dark\"  class=\"wpb_row vc_row-fluid vc_row\"  style=\"padding-top: 0px; padding-bottom: 0px; \"><div class=\"row-bg-wrap\" data-bg-animation=\"none\" data-bg-animation-delay=\"\" data-bg-overlay=\"false\"><div class=\"inner-wrap row-bg-layer\" ><div class=\"row-bg viewport-desktop\"  style=\"\"><\/div><\/div><\/div><div class=\"row_col_wrap_12 col span_12 dark left\">\n\t<div  class=\"vc_col-sm-12 wpb_column column_container vc_column_container col no-extra-padding inherit_tablet inherit_phone\"  data-padding-pos=\"all\" data-has-bg-color=\"false\" data-bg-color=\"\" data-bg-opacity=\"1\" data-animation=\"\" data-delay=\"0\" >\n\t\t<div class=\"vc_column-inner\" >\n\t\t\t<div class=\"wpb_wrapper\">\n\t\t\t\t\n<div class=\"wpb_text_column wpb_content_element\" >\n\t<div class=\"wpb_wrapper\">\n\t\t\t<\/div>\n<\/div>\n\n\n\n\n\t\t\t<\/div> \n\t\t<\/div>\n\t<\/div> \n<\/div><\/div>\n\t\t<div id=\"fws_6a03ba9142264\"  data-column-margin=\"default\" data-midnight=\"dark\"  class=\"wpb_row vc_row-fluid vc_row\"  style=\"padding-top: 0px; padding-bottom: 0px; \"><div class=\"row-bg-wrap\" data-bg-animation=\"none\" data-bg-animation-delay=\"\" data-bg-overlay=\"false\"><div class=\"inner-wrap row-bg-layer\" ><div class=\"row-bg viewport-desktop\"  style=\"\"><\/div><\/div><\/div><div class=\"row_col_wrap_12 col span_12 dark left\">\n\t<div  class=\"vc_col-sm-12 wpb_column column_container vc_column_container col no-extra-padding inherit_tablet inherit_phone\"  data-padding-pos=\"all\" data-has-bg-color=\"false\" data-bg-color=\"\" data-bg-opacity=\"1\" data-animation=\"\" data-delay=\"0\" >\n\t\t<div class=\"vc_column-inner\" >\n\t\t\t<div class=\"wpb_wrapper\">\n\t\t\t\t\n<div class=\"wpb_text_column wpb_content_element\" >\n\t<div class=\"wpb_wrapper\">\n\t\t<p>Persondatapolitik for Sporthopp<\/p>\n<p>Hos Sporthopp tager vi dit privatliv og beskyttelsen af dine personlige data meget alvorligt. Denne privatlivspolitik forklarer, hvordan vi indsamler, bruger, opbevarer og beskytter dine personoplysninger i overensstemmelse med g\u00e6ldende databeskyttelseslovgivning, herunder EU's generelle databeskyttelsesforordning (GDPR).<br \/>\n2 409<br \/>\nSporthopps privatlivspolitik<\/p>\n<p>Hos Sporthopp tager vi dit privatliv og beskyttelsen af dine personlige data meget alvorligt. Denne privatlivspolitik forklarer, hvordan vi indsamler, bruger, opbevarer og beskytter dine personoplysninger i overensstemmelse med g\u00e6ldende databeskyttelseslovgivning, herunder EU's generelle databeskyttelsesforordning (GDPR).<\/p>\n<p>1. Dataansvarlig<br \/>\nSporthopp er ansvarlig for behandlingen af dine personoplysninger.<\/p>\n<p>2. Hvilke data indsamler vi?<br \/>\nVi indsamler kun de persondata, der er n\u00f8dvendige for at levere vores tjenester og kommunikere med dig. Dette kan f.eks. omfatte:<\/p>\n<p>Navn<\/p>\n<p>E-mail-adresse<\/p>\n<p>IP-adresse<\/p>\n<p>Brugeradf\u00e6rd p\u00e5 vores hjemmeside (via cookies)<\/p>\n<p>3. Form\u00e5l med behandlingen<\/p>\n<p>Vi behandler dine data til f\u00f8lgende form\u00e5l:<\/p>\n<p>At levere og forbedre vores tjenester<\/p>\n<p>At svare p\u00e5 anmodninger fra dig<\/p>\n<p>For at overholde juridiske forpligtelser<\/p>\n<p>At analysere brugen af vores hjemmeside via cookies<\/p>\n<p>4. Juridisk grundlag<\/p>\n<p>Behandlingen af dine personoplysninger er baseret p\u00e5:<\/p>\n<p>Dit samtykke (f.eks. til cookies)<\/p>\n<p>Opfyldelse af kontrakter eller forel\u00f8bige aftaler<\/p>\n<p>Vores legitime interesse i at forbedre vores tjenester<\/p>\n<p>Opfyldelse af juridiske forpligtelser<\/p>\n<p>5. Offentligg\u00f8relse af data<\/p>\n<p>Vi videregiver ikke dine personlige oplysninger til tredjeparter uden dit samtykke, medmindre det er n\u00f8dvendigt for at opfylde en kontrakt, eller hvis det er p\u00e5kr\u00e6vet ved lov.<\/p>\n<p>6. Opbevaringsperiode<\/p>\n<p>Vi opbevarer dine personoplysninger, s\u00e5 l\u00e6nge det er n\u00f8dvendigt for at opfylde form\u00e5let med behandlingen eller i overensstemmelse med lovkrav. Vi opbevarer normalt data i op til 1 \u00e5r efter den sidste kontakt, med undtagelse af data, som vi er forpligtet til at opbevare l\u00e6ngere i henhold til bogf\u00f8ringsloven.<\/p>\n<p>7. Dine rettigheder<\/p>\n<p>Det har du ret til:<\/p>\n<p>F\u00e5 indsigt i, hvilke data vi behandler om dig<\/p>\n<p>F\u00e5 rettet fejlagtige data<\/p>\n<p>F\u00e5 dine data slettet (under visse betingelser)<\/p>\n<p>Begr\u00e6nsning af eller indsigelse mod behandling<\/p>\n<p>F\u00e5 dine data leveret i et maskinl\u00e6sbart format (dataportabilitet)<\/p>\n<p>Tr\u00e6k dit samtykke til behandling af personoplysninger tilbage<\/p>\n<p>Hvis du vil g\u00f8re brug af dine rettigheder, kan du kontakte os via kontaktoplysningerne p\u00e5 vores hjemmeside.<\/p>\n<p>8. Cookies til information<\/p>\n<p>Vi bruger cookies til at analysere brugen af vores hjemmeside og forbedre brugeroplevelsen. Du kan til enhver tid \u00e6ndre dine cookie-indstillinger i din browser.<\/p>\n<p>Hvis du har brug for yderligere justeringer eller tilf\u00f8jelser, s\u00e5 lad os det vide!<\/p>\n\t<\/div>\n<\/div>\n\n\n\n\n\t\t\t<\/div> \n\t\t<\/div>\n\t<\/div> \n<\/div><\/div>","protected":false},"excerpt":{"rendered":"Hjem Privatlivspolitik For Sporthopp Hos Sporthopp tager vi dit privatliv og beskyttelsen af dine personoplysninger meget alvorligt. Denne privatlivspolitik forklarer, hvordan vi indsamler, bruger, lagrer og beskytter dine personoplysninger i overensstemmelse med g\u00e6ldende databeskyttelseslovgivning, herunder EU's generelle databeskyttelsesforordning...","protected":false},"author":6,"featured_media":0,"parent":0,"menu_order":0,"comment_status":"closed","ping_status":"closed","template":"","meta":{"_acf_changed":false,"inline_featured_image":false,"_glsr_average":0,"_glsr_ranking":0,"_glsr_reviews":0,"footnotes":""},"class_list":["post-11965","page","type-page","status-publish"],"acf":[],"aioseo_notices":[],"aioseo_head":"\n\t\t<!-- All in One SEO Pro 4.8.1.1 - aioseo.com -->\n\t<meta name=\"description\" content=\"Les hvordan Sporthopp h\u00e5ndterer dine personopplysninger i henhold til GDPR for \u00e5 sikre sikkerhet og \u00e5penhet i v\u00e5r personvernerkl\u00e6ring.\" \/>\n\t<meta name=\"robots\" content=\"max-image-preview:large\" \/>\n\t<link rel=\"canonical\" href=\"https:\/\/sporthopp.com\/da\/fortrolighedserklaering-for-sportsspring\/\" \/>\n\t<meta name=\"generator\" content=\"All in One SEO Pro (AIOSEO) 4.8.1.1\" \/>\n\t\t<meta property=\"og:locale\" content=\"da_DK\" \/>\n\t\t<meta property=\"og:site_name\" content=\"Sporthopp.com -\" \/>\n\t\t<meta property=\"og:type\" content=\"website\" \/>\n\t\t<meta property=\"og:title\" content=\"Personvernerkl\u00e6ring for Sporthopp \u2013 Ditt personvern er beskyttet\" \/>\n\t\t<meta property=\"og:description\" content=\"Les hvordan Sporthopp h\u00e5ndterer dine personopplysninger i henhold til GDPR for \u00e5 sikre sikkerhet og \u00e5penhet i v\u00e5r personvernerkl\u00e6ring.\" \/>\n\t\t<meta property=\"og:url\" content=\"https:\/\/sporthopp.com\/da\/fortrolighedserklaering-for-sportsspring\/\" \/>\n\t\t<meta property=\"og:image\" content=\"https:\/\/sporthopp.com\/wp-content\/uploads\/2026\/02\/sporthopp-logo.png\" \/>\n\t\t<meta property=\"og:image:secure_url\" content=\"https:\/\/sporthopp.com\/wp-content\/uploads\/2026\/02\/sporthopp-logo.png\" \/>\n\t\t<meta property=\"og:image:width\" content=\"1119\" \/>\n\t\t<meta property=\"og:image:height\" content=\"564\" \/>\n\t\t<meta name=\"twitter:card\" content=\"summary_large_image\" \/>\n\t\t<meta name=\"twitter:site\" content=\"@MarekProch97105\" \/>\n\t\t<meta name=\"twitter:title\" content=\"Personvernerkl\u00e6ring for Sporthopp \u2013 Ditt personvern er beskyttet\" \/>\n\t\t<meta name=\"twitter:description\" content=\"Les hvordan Sporthopp h\u00e5ndterer dine personopplysninger i henhold til GDPR for \u00e5 sikre sikkerhet og \u00e5penhet i v\u00e5r personvernerkl\u00e6ring.\" \/>\n\t\t<meta name=\"twitter:creator\" content=\"@MarekProch97105\" \/>\n\t\t<meta name=\"twitter:image\" content=\"https:\/\/sporthopp.com\/wp-content\/uploads\/2026\/02\/sporthopp-logo.png\" \/>\n\t\t<script type=\"application\/ld+json\" class=\"aioseo-schema\">\n\t\t\t{\"@context\":\"https:\\\/\\\/schema.org\",\"@graph\":[{\"@type\":\"BreadcrumbList\",\"@id\":\"https:\\\/\\\/sporthopp.com\\\/da\\\/fortrolighedserklaering-for-sportsspring\\\/#breadcrumblist\",\"itemListElement\":[{\"@type\":\"ListItem\",\"@id\":\"https:\\\/\\\/sporthopp.com\\\/da\\\/#listItem\",\"position\":1,\"name\":\"Home\",\"item\":\"https:\\\/\\\/sporthopp.com\\\/da\\\/\",\"nextItem\":{\"@type\":\"ListItem\",\"@id\":\"https:\\\/\\\/sporthopp.com\\\/da\\\/fortrolighedserklaering-for-sportsspring\\\/#listItem\",\"name\":\"Personvernerkl\\u00e6ring for Sporthopp\"}},{\"@type\":\"ListItem\",\"@id\":\"https:\\\/\\\/sporthopp.com\\\/da\\\/fortrolighedserklaering-for-sportsspring\\\/#listItem\",\"position\":2,\"name\":\"Personvernerkl\\u00e6ring for Sporthopp\",\"previousItem\":{\"@type\":\"ListItem\",\"@id\":\"https:\\\/\\\/sporthopp.com\\\/da\\\/#listItem\",\"name\":\"Home\"}}]},{\"@type\":\"Organization\",\"@id\":\"https:\\\/\\\/sporthopp.com\\\/da\\\/#organization\",\"name\":\"Sporthopp.com\",\"url\":\"https:\\\/\\\/sporthopp.com\\\/da\\\/\",\"logo\":{\"@type\":\"ImageObject\",\"url\":\"https:\\\/\\\/sporthopp.com\\\/wp-content\\\/uploads\\\/2026\\\/02\\\/sporthopp-logo.png\",\"@id\":\"https:\\\/\\\/sporthopp.com\\\/da\\\/fortrolighedserklaering-for-sportsspring\\\/#organizationLogo\",\"width\":1119,\"height\":564},\"image\":{\"@id\":\"https:\\\/\\\/sporthopp.com\\\/da\\\/fortrolighedserklaering-for-sportsspring\\\/#organizationLogo\"},\"sameAs\":[\"https:\\\/\\\/x.com\\\/MarekProch97105\",\"https:\\\/\\\/www.linkedin.com\\\/in\\\/marek-prochzka-a44875328\\\/\"]},{\"@type\":\"WebPage\",\"@id\":\"https:\\\/\\\/sporthopp.com\\\/da\\\/fortrolighedserklaering-for-sportsspring\\\/#webpage\",\"url\":\"https:\\\/\\\/sporthopp.com\\\/da\\\/fortrolighedserklaering-for-sportsspring\\\/\",\"name\":\"Personvernerkl\\u00e6ring for Sporthopp \\u2013 Ditt personvern er beskyttet\",\"description\":\"Les hvordan Sporthopp h\\u00e5ndterer dine personopplysninger i henhold til GDPR for \\u00e5 sikre sikkerhet og \\u00e5penhet i v\\u00e5r personvernerkl\\u00e6ring.\",\"inLanguage\":\"da-DK\",\"isPartOf\":{\"@id\":\"https:\\\/\\\/sporthopp.com\\\/da\\\/#website\"},\"breadcrumb\":{\"@id\":\"https:\\\/\\\/sporthopp.com\\\/da\\\/fortrolighedserklaering-for-sportsspring\\\/#breadcrumblist\"},\"datePublished\":\"2025-04-24T14:18:29+00:00\",\"dateModified\":\"2026-02-06T14:56:10+00:00\"},{\"@type\":\"WebSite\",\"@id\":\"https:\\\/\\\/sporthopp.com\\\/da\\\/#website\",\"url\":\"https:\\\/\\\/sporthopp.com\\\/da\\\/\",\"name\":\"Sporthopp.com\",\"inLanguage\":\"da-DK\",\"publisher\":{\"@id\":\"https:\\\/\\\/sporthopp.com\\\/da\\\/#organization\"}}]}\n\t\t<\/script>\n\t\t<!-- All in One SEO Pro -->\r\n\t\t<title>Personvernerkl\u00e6ring for Sporthopp \u2013 Ditt personvern er beskyttet<\/title>\n\n","aioseo_head_json":{"title":"Sporthopps privatlivspolitik - dit privatliv er beskyttet","description":"L\u00e6s, hvordan Sporthopp h\u00e5ndterer dine personlige data i overensstemmelse med GDPR for at sikre sikkerhed og gennemsigtighed i vores privatlivspolitik.","canonical_url":"https:\/\/sporthopp.com\/da\/fortrolighedserklaering-for-sportsspring\/","robots":"max-image-preview:large","keywords":"","webmasterTools":{"miscellaneous":""},"schema":{"@context":"https:\/\/schema.org","@graph":[{"@type":"BreadcrumbList","@id":"https:\/\/sporthopp.com\/da\/fortrolighedserklaering-for-sportsspring\/#breadcrumblist","itemListElement":[{"@type":"ListItem","@id":"https:\/\/sporthopp.com\/da\/#listItem","position":1,"name":"Home","item":"https:\/\/sporthopp.com\/da\/","nextItem":{"@type":"ListItem","@id":"https:\/\/sporthopp.com\/da\/fortrolighedserklaering-for-sportsspring\/#listItem","name":"Personvernerkl\u00e6ring for Sporthopp"}},{"@type":"ListItem","@id":"https:\/\/sporthopp.com\/da\/fortrolighedserklaering-for-sportsspring\/#listItem","position":2,"name":"Personvernerkl\u00e6ring for Sporthopp","previousItem":{"@type":"ListItem","@id":"https:\/\/sporthopp.com\/da\/#listItem","name":"Home"}}]},{"@type":"Organization","@id":"https:\/\/sporthopp.com\/da\/#organization","name":"Sporthopp.com","url":"https:\/\/sporthopp.com\/da\/","logo":{"@type":"ImageObject","url":"https:\/\/sporthopp.com\/wp-content\/uploads\/2026\/02\/sporthopp-logo.png","@id":"https:\/\/sporthopp.com\/da\/fortrolighedserklaering-for-sportsspring\/#organizationLogo","width":1119,"height":564},"image":{"@id":"https:\/\/sporthopp.com\/da\/fortrolighedserklaering-for-sportsspring\/#organizationLogo"},"sameAs":["https:\/\/x.com\/MarekProch97105","https:\/\/www.linkedin.com\/in\/marek-prochzka-a44875328\/"]},{"@type":"WebPage","@id":"https:\/\/sporthopp.com\/da\/fortrolighedserklaering-for-sportsspring\/#webpage","url":"https:\/\/sporthopp.com\/da\/fortrolighedserklaering-for-sportsspring\/","name":"Personvernerkl\u00e6ring for Sporthopp \u2013 Ditt personvern er beskyttet","description":"Les hvordan Sporthopp h\u00e5ndterer dine personopplysninger i henhold til GDPR for \u00e5 sikre sikkerhet og \u00e5penhet i v\u00e5r personvernerkl\u00e6ring.","inLanguage":"da-DK","isPartOf":{"@id":"https:\/\/sporthopp.com\/da\/#website"},"breadcrumb":{"@id":"https:\/\/sporthopp.com\/da\/fortrolighedserklaering-for-sportsspring\/#breadcrumblist"},"datePublished":"2025-04-24T14:18:29+00:00","dateModified":"2026-02-06T14:56:10+00:00"},{"@type":"WebSite","@id":"https:\/\/sporthopp.com\/da\/#website","url":"https:\/\/sporthopp.com\/da\/","name":"Sporthopp.com","inLanguage":"da-DK","publisher":{"@id":"https:\/\/sporthopp.com\/da\/#organization"}}]},"og:locale":"da_DK","og:site_name":"Sporthopp.com -","og:type":"website","og:title":"Personvernerkl\u00e6ring for Sporthopp \u2013 Ditt personvern er beskyttet","og:description":"Les hvordan Sporthopp h\u00e5ndterer dine personopplysninger i henhold til GDPR for \u00e5 sikre sikkerhet og \u00e5penhet i v\u00e5r personvernerkl\u00e6ring.","og:url":"https:\/\/sporthopp.com\/da\/fortrolighedserklaering-for-sportsspring\/","og:image":"https:\/\/sporthopp.com\/wp-content\/uploads\/2026\/02\/sporthopp-logo.png","og:image:secure_url":"https:\/\/sporthopp.com\/wp-content\/uploads\/2026\/02\/sporthopp-logo.png","og:image:width":1119,"og:image:height":564,"twitter:card":"summary_large_image","twitter:site":"@MarekProch97105","twitter:title":"Personvernerkl\u00e6ring for Sporthopp \u2013 Ditt personvern er beskyttet","twitter:description":"Les hvordan Sporthopp h\u00e5ndterer dine personopplysninger i henhold til GDPR for \u00e5 sikre sikkerhet og \u00e5penhet i v\u00e5r personvernerkl\u00e6ring.","twitter:creator":"@MarekProch97105","twitter:image":"https:\/\/sporthopp.com\/wp-content\/uploads\/2026\/02\/sporthopp-logo.png"},"aioseo_meta_data":{"post_id":"11965","title":"Sporthopps privatlivspolitik - dit privatliv er beskyttet","description":"L\u00e6s, hvordan Sporthopp h\u00e5ndterer dine personlige data i overensstemmelse med GDPR for at sikre sikkerhed og gennemsigtighed i vores privatlivspolitik.","keywords":null,"keyphrases":{"focus":{"keyphrase":"personuppgifter","score":56,"analysis":{"keyphraseInTitle":{"score":3,"maxScore":9,"error":1},"keyphraseInDescription":{"score":3,"maxScore":9,"error":1},"keyphraseLength":{"score":9,"maxScore":9,"error":0,"length":1},"keyphraseInURL":{"score":1,"maxScore":5,"error":1},"keyphraseInIntroduction":{"score":3,"maxScore":9,"error":1},"keyphraseInSubHeadings":[],"keyphraseInImageAlt":[],"keywordDensity":{"type":"best","score":9,"maxScore":9,"error":0}}},"additional":[]},"primary_term":null,"canonical_url":null,"og_title":null,"og_description":null,"og_object_type":"website","og_image_type":"default","og_image_url":null,"og_image_width":null,"og_image_height":null,"og_image_custom_url":null,"og_image_custom_fields":null,"og_video":"","og_custom_url":null,"og_article_section":null,"og_article_tags":null,"twitter_use_og":false,"twitter_card":"default","twitter_image_type":"default","twitter_image_url":null,"twitter_image_custom_url":null,"twitter_image_custom_fields":null,"twitter_title":null,"twitter_description":null,"schema":{"blockGraphs":[],"customGraphs":[],"default":{"data":{"Article":[],"Course":[],"Dataset":[],"FAQPage":[],"Movie":[],"Person":[],"Product":[],"ProductReview":[],"Car":[],"Recipe":[],"Service":[],"SoftwareApplication":[],"WebPage":[]},"graphName":"WebPage","isEnabled":true},"graphs":[]},"schema_type":"default","schema_type_options":null,"pillar_content":false,"robots_default":true,"robots_noindex":false,"robots_noarchive":false,"robots_nosnippet":false,"robots_nofollow":false,"robots_noimageindex":false,"robots_noodp":false,"robots_notranslate":false,"robots_max_snippet":"-1","robots_max_videopreview":"-1","robots_max_imagepreview":"large","priority":null,"frequency":"default","local_seo":null,"limit_modified_date":false,"reviewed_by":null,"open_ai":{"title":{"suggestions":[],"usage":0},"description":{"suggestions":[],"usage":0}},"created":"2025-04-24 14:17:12","updated":"2026-02-06 15:09:04"},"aioseo_breadcrumb":"<div class=\"aioseo-breadcrumbs\"><span class=\"aioseo-breadcrumb\">\n\t<a href=\"https:\/\/sporthopp.com\/da\" title=\"Hjem\">Hjem<\/a>\n<\/span><span class=\"aioseo-breadcrumb-separator\">&gt;<\/span><span class=\"aioseo-breadcrumb\">\n\tPersonvernerkl\u00e6ring for Sporthopp\n<\/span><\/div>","aioseo_breadcrumb_json":[{"label":"Hjem","link":"https:\/\/sporthopp.com\/da"},{"label":"Personvernerkl\u00e6ring for Sporthopp","link":"https:\/\/sporthopp.com\/da\/fortrolighedserklaering-for-sportsspring\/"}],"_links":{"self":[{"href":"https:\/\/sporthopp.com\/da\/wp-json\/wp\/v2\/pages\/11965","targetHints":{"allow":["GET"]}}],"collection":[{"href":"https:\/\/sporthopp.com\/da\/wp-json\/wp\/v2\/pages"}],"about":[{"href":"https:\/\/sporthopp.com\/da\/wp-json\/wp\/v2\/types\/page"}],"author":[{"embeddable":true,"href":"https:\/\/sporthopp.com\/da\/wp-json\/wp\/v2\/users\/6"}],"replies":[{"embeddable":true,"href":"https:\/\/sporthopp.com\/da\/wp-json\/wp\/v2\/comments?post=11965"}],"version-history":[{"count":2,"href":"https:\/\/sporthopp.com\/da\/wp-json\/wp\/v2\/pages\/11965\/revisions"}],"predecessor-version":[{"id":13017,"href":"https:\/\/sporthopp.com\/da\/wp-json\/wp\/v2\/pages\/11965\/revisions\/13017"}],"wp:attachment":[{"href":"https:\/\/sporthopp.com\/da\/wp-json\/wp\/v2\/media?parent=11965"}],"curies":[{"name":"wp","href":"https:\/\/api.w.org\/{rel}","templated":true}]}}