{"id":11232,"date":"2025-01-16T11:26:45","date_gmt":"2025-01-16T11:26:45","guid":{"rendered":"https:\/\/sporthopp.com\/?page_id=11232"},"modified":"2026-02-26T14:48:19","modified_gmt":"2026-02-26T14:48:19","slug":"ordbog","status":"publish","type":"page","link":"https:\/\/sporthopp.com\/da\/ordbog\/","title":{"rendered":"Ordbog"},"content":{"rendered":"<p data-manus_clickable=\"true\">\n\t\t<div id=\"fws_6a03b85c520c0\"  data-column-margin=\"none\" data-midnight=\"dark\"  class=\"wpb_row vc_row-fluid vc_row\"  style=\"padding-top: 0px; padding-bottom: 0px; \"><div class=\"row-bg-wrap\" data-bg-animation=\"none\" data-bg-animation-delay=\"\" data-bg-overlay=\"false\"><div class=\"inner-wrap row-bg-layer\" ><div class=\"row-bg viewport-desktop\"  style=\"\"><\/div><\/div><\/div><div class=\"row_col_wrap_12 col span_12 dark left\">\n\t<div  class=\"vc_col-sm-12 wpb_column column_container vc_column_container col no-extra-padding inherit_tablet inherit_phone\"  data-padding-pos=\"all\" data-has-bg-color=\"false\" data-bg-color=\"\" data-bg-opacity=\"1\" data-animation=\"\" data-delay=\"0\" >\n\t\t<div class=\"vc_column-inner\" >\n\t\t\t<div class=\"wpb_wrapper\">\n\t\t\t\t<div id=\"fws_6a03b85c52919\" data-midnight=\"\" data-column-margin=\"default\" class=\"wpb_row vc_row-fluid vc_row inner_row\"  style=\"\"><div class=\"row-bg-wrap\"> <div class=\"row-bg\" ><\/div> <\/div><div class=\"row_col_wrap_12_inner col span_12  left\">\n\t<div  class=\"vc_col-sm-12 wpb_column column_container vc_column_container col child_column no-extra-padding inherit_tablet inherit_phone\"   data-padding-pos=\"all\" data-has-bg-color=\"false\" data-bg-color=\"\" data-bg-opacity=\"1\" data-animation=\"\" data-delay=\"0\" >\n\t\t<div class=\"vc_column-inner\" >\n\t\t<div class=\"wpb_wrapper\">\n\t\t\t<h1 style=\"text-align: center\" class=\"vc_custom_heading vc_do_custom_heading\" >Ordbog<\/h1>\n\t\t<\/div> \n\t<\/div>\n\t<\/div> \n<\/div><\/div><div id=\"fws_6a03b85c53169\" data-midnight=\"\" data-column-margin=\"none\" class=\"wpb_row vc_row-fluid vc_row inner_row\"  style=\"\"><div class=\"row-bg-wrap\"> <div class=\"row-bg\" ><\/div> <\/div><div class=\"row_col_wrap_12_inner col span_12  left\">\n\t<div  class=\"vc_col-sm-12 wpb_column column_container vc_column_container col child_column no-extra-padding inherit_tablet inherit_phone\"   data-padding-pos=\"all\" data-has-bg-color=\"false\" data-bg-color=\"\" data-bg-opacity=\"1\" data-animation=\"\" data-delay=\"0\" >\n\t\t<div class=\"vc_column-inner\" >\n\t\t<div class=\"wpb_wrapper\">\n\t\t\t\n<div class=\"wpb_text_column wpb_content_element\" >\n\t<div class=\"wpb_wrapper\">\n\t\t<h2 style=\"text-align:center;margin-top:-30px;\">Sportsordbog - termer, begreber og fagudtryk inden for sport<\/h2>\n<p style=\"text-align:center;\">I vores sportsordbog finder du uddybende forklaringer p\u00e5 ord, begreber og fagudtryk, som bruges i sportens verden. Ordbogen er designet til at udvide og underst\u00f8tte vores artikler, s\u00e5 du altid kan g\u00e5 dybere ind i et emne. Fra tekniske tr\u00e6ningstermer og taktiske udtryk til sportsspecifik slang og historiske termer - vi har samlet det hele her for at hj\u00e6lpe dig med at f\u00e5 mest muligt ud af indholdet p\u00e5 Sporthopp.com.<\/p>\n<div class=\"wpg-list-wrapper wpg-list-wrapper-template-alphabet\"><div class=\"wpg-list-filter-container\"><div class=\"wpg-list-filter\"><span class=\"wpg-list-filter-row\"><a class=\"filter active\" data-filter=\"all\">Alle<\/a><a class=\"filter\" data-filter=\".wpg-filter-a\">A<\/a><a class=\"filter\" data-filter=\".wpg-filter-b\">B<\/a><a class=\"filter\" data-filter=\".wpg-filter-f\">F<\/a><a class=\"filter\" data-filter=\".wpg-filter-h\">H<\/a><a class=\"filter\" data-filter=\".wpg-filter-l\">L<\/a><a class=\"filter\" data-filter=\".wpg-filter-m\">M<\/a><a class=\"filter\" data-filter=\".wpg-filter-n\">N<\/a><a class=\"filter\" data-filter=\".wpg-filter-o\">O<\/a><a class=\"filter\" data-filter=\".wpg-filter-s\">S<\/a><a class=\"filter\" data-filter=\".wpg-filter-v\">V<\/a><\/span><\/div><\/div><div class=\"wpg-list wpg-list-template-four-column\"><div class=\"wpg-list-block wpg-filter-a mix\" data-filter-base=\"a\"><h3 class=\"wpg-list-block-heading\">A<\/h3><ul class=\"wpg-list-items\"><li class=\"wpg-list-item\"><a class=\"wpg-list-item-title\" title=\"Amerikansk fodbold\" href=\"https:\/\/sporthopp.com\/da\/ordbog\/amerikansk-fodbold\/\" >Amerikansk fodbold<\/a><\/li><li class=\"wpg-list-item\"><a class=\"wpg-list-item-title\" title=\"arendal fodbold\" href=\"https:\/\/sporthopp.com\/da\/ordbog\/arendal-fodbold\/\" >arendal fodbold<\/a><\/li><\/ul><\/div><div class=\"wpg-list-block wpg-filter-b mix\" data-filter-base=\"b\"><h3 class=\"wpg-list-block-heading\">B<\/h3><ul class=\"wpg-list-items\"><li class=\"wpg-list-item\"><a class=\"wpg-list-item-title\" title=\"baggy snowboardbukser\" href=\"https:\/\/sporthopp.com\/da\/ordbog\/baggy-snowboardbukser\/\" >baggy snowboardbukser<\/a><\/li><li class=\"wpg-list-item\"><a class=\"wpg-list-item-title\" title=\"barn snowboard\" href=\"https:\/\/sporthopp.com\/da\/ordbog\/barn-snowboard\/\" >barn snowboard<\/a><\/li><\/ul><\/div><div class=\"wpg-list-block wpg-filter-f mix\" data-filter-base=\"f\"><h3 class=\"wpg-list-block-heading\">F<\/h3><ul class=\"wpg-list-items\"><li class=\"wpg-list-item\"><a class=\"wpg-list-item-title\" title=\"Fodbold\" href=\"https:\/\/sporthopp.com\/da\/ordbog\/fodbold\/\" >Fodbold<\/a><\/li><li class=\"wpg-list-item\"><a class=\"wpg-list-item-title\" title=\"verdensmesterskabet i fodbold 2024 m\u00e6nd\" href=\"https:\/\/sporthopp.com\/da\/ordbog\/fodbold-em-2024-maend\/\" >verdensmesterskabet i fodbold 2024 m\u00e6nd<\/a><\/li><\/ul><\/div><div class=\"wpg-list-block wpg-filter-h mix\" data-filter-base=\"h\"><h3 class=\"wpg-list-block-heading\">H<\/h3><ul class=\"wpg-list-items\"><li class=\"wpg-list-item\"><a class=\"wpg-list-item-title\" title=\"snowboard hjelm\" href=\"https:\/\/sporthopp.com\/da\/ordbog\/snowboard-hjelm\/\" >snowboard hjelm<\/a><\/li><li class=\"wpg-list-item\"><a class=\"wpg-list-item-title\" title=\"hoppuka\" href=\"https:\/\/sporthopp.com\/da\/ordbog\/hoppuka\/\" >hoppuka<\/a><\/li><li class=\"wpg-list-item\"><a class=\"wpg-list-item-title\" title=\"hoppuka 2022\" href=\"https:\/\/sporthopp.com\/da\/ordbog\/hoppuka-2022\/\" >hoppuka 2022<\/a><\/li><li class=\"wpg-list-item\"><a class=\"wpg-list-item-title\" title=\"hoppuka 2023\" href=\"https:\/\/sporthopp.com\/da\/ordbog\/hoppuka-2023\/\" >hoppuka 2023<\/a><\/li><\/ul><\/div><div class=\"wpg-list-block wpg-filter-l mix\" data-filter-base=\"l\"><h3 class=\"wpg-list-block-heading\">L<\/h3><ul class=\"wpg-list-items\"><li class=\"wpg-list-item\"><a class=\"wpg-list-item-title\" title=\"leje snowboard\" href=\"https:\/\/sporthopp.com\/da\/ordbog\/leje-snowboard\/\" >leje snowboard<\/a><\/li><\/ul><\/div><div class=\"wpg-list-block wpg-filter-m mix\" data-filter-base=\"m\"><h3 class=\"wpg-list-block-heading\">M<\/h3><ul class=\"wpg-list-items\"><li class=\"wpg-list-item\"><a class=\"wpg-list-item-title\" title=\"maud angelica behn fodbold\" href=\"https:\/\/sporthopp.com\/da\/ordbog\/maud-angelica-behn-fodbold\/\" >maud angelica behn fodbold<\/a><\/li><\/ul><\/div><div class=\"wpg-list-block wpg-filter-n mix\" data-filter-base=\"n\"><h3 class=\"wpg-list-block-heading\">N<\/h3><ul class=\"wpg-list-items\"><li class=\"wpg-list-item\"><a class=\"wpg-list-item-title\" title=\"NewsNow Norwich City\" href=\"https:\/\/sporthopp.com\/da\/ordbog\/nyheder-sne-norwich-city\/\" >NewsNow Norwich City<\/a><\/li><li class=\"wpg-list-item\"><a class=\"wpg-list-item-title\" title=\"nm fodbold 2021\" href=\"https:\/\/sporthopp.com\/da\/ordbog\/nm-fodbold-2021\/\" >nm fodbold 2021<\/a><\/li><\/ul><\/div><div class=\"wpg-list-block wpg-filter-o mix\" data-filter-base=\"o\"><h3 class=\"wpg-list-block-heading\">O<\/h3><ul class=\"wpg-list-items\"><li class=\"wpg-list-item\"><a class=\"wpg-list-item-title\" title=\"Overgange fodbold\" href=\"https:\/\/sporthopp.com\/da\/ordbog\/overgange-fodbold\/\" >Overgange fodbold<\/a><\/li><\/ul><\/div><div class=\"wpg-list-block wpg-filter-s mix\" data-filter-base=\"s\"><h3 class=\"wpg-list-block-heading\">S<\/h3><ul class=\"wpg-list-items\"><li class=\"wpg-list-item\"><a class=\"wpg-list-item-title\" title=\"Skihopper\" href=\"https:\/\/sporthopp.com\/da\/ordbog\/skihopper\/\" >Skihopper<\/a><\/li><li class=\"wpg-list-item\"><a class=\"wpg-list-item-title\" title=\"skil\u00e6ngde barn langrend\" href=\"https:\/\/sporthopp.com\/da\/ordbog\/skilaengde-barn-langrend\/\" >skil\u00e6ngde barn langrend<\/a><\/li><li class=\"wpg-list-item\"><a class=\"wpg-list-item-title\" title=\"Skil\u00e6ngde langrend\" href=\"https:\/\/sporthopp.com\/da\/ordbog\/skilaengde-langrend\/\" >Skil\u00e6ngde langrend<\/a><\/li><li class=\"wpg-list-item\"><a class=\"wpg-list-item-title\" title=\"snowboard\" href=\"https:\/\/sporthopp.com\/da\/ordbog\/snowboard\/\" >snowboard<\/a><\/li><li class=\"wpg-list-item\"><a class=\"wpg-list-item-title\" title=\"snowboard-bindinger\" href=\"https:\/\/sporthopp.com\/da\/ordbog\/snowboard-bindinger\/\" >snowboard-bindinger<\/a><\/li><li class=\"wpg-list-item\"><a class=\"wpg-list-item-title\" title=\"snowboardbukser dame\" href=\"https:\/\/sporthopp.com\/da\/ordbog\/snowboardbukser-dame\/\" >snowboardbukser dame<\/a><\/li><li class=\"wpg-list-item\"><a class=\"wpg-list-item-title\" title=\"snowboardbukser\" href=\"https:\/\/sporthopp.com\/da\/ordbog\/snowboardbukser\/\" >snowboardbukser<\/a><\/li><li class=\"wpg-list-item\"><a class=\"wpg-list-item-title\" title=\"snowboardjakke\" href=\"https:\/\/sporthopp.com\/da\/ordbog\/snowboardjakke\/\" >snowboardjakke<\/a><\/li><li class=\"wpg-list-item\"><a class=\"wpg-list-item-title\" title=\"snowboard pakke\" href=\"https:\/\/sporthopp.com\/da\/ordbog\/snowboard-pakke\/\" >snowboard pakke<\/a><\/li><li class=\"wpg-list-item\"><a class=\"wpg-list-item-title\" title=\"snowboardst\u00f8vler\" href=\"https:\/\/sporthopp.com\/da\/ordbog\/snowboardstovler\/\" >snowboardst\u00f8vler<\/a><\/li><li class=\"wpg-list-item\"><a class=\"wpg-list-item-title\" title=\"snowboard str\" href=\"https:\/\/sporthopp.com\/da\/ordbog\/snowboard-str\/\" >snowboard str<\/a><\/li><li class=\"wpg-list-item\"><a class=\"wpg-list-item-title\" title=\"Spansk fodbold\" href=\"https:\/\/sporthopp.com\/da\/ordbog\/spansk-fodbold\/\" >Spansk fodbold<\/a><\/li><li class=\"wpg-list-item\"><a class=\"wpg-list-item-title\" title=\"styrketr\u00e6ning langrend\" href=\"https:\/\/sporthopp.com\/da\/ordbog\/styrketraening-langrend\/\" >styrketr\u00e6ning langrend<\/a><\/li><li class=\"wpg-list-item\"><a class=\"wpg-list-item-title\" title=\"Sveriges fodboldlandshold for m\u00e6nd\" href=\"https:\/\/sporthopp.com\/da\/ordbog\/sveriges-fodboldlandshold-for-maend\/\" >Sveriges fodboldlandshold for m\u00e6nd<\/a><\/li><\/ul><\/div><div class=\"wpg-list-block wpg-filter-v mix\" data-filter-base=\"v\"><h3 class=\"wpg-list-block-heading\">V<\/h3><ul class=\"wpg-list-items\"><li class=\"wpg-list-item\"><a class=\"wpg-list-item-title\" title=\"verdensmesterskabet i langrend\" href=\"https:\/\/sporthopp.com\/da\/ordbog\/verdensmesterskabet-i-langrend\/\" >verdensmesterskabet i langrend<\/a><\/li><li class=\"wpg-list-item\"><a class=\"wpg-list-item-title\" title=\"vikersund r\u00e5 luft\" href=\"https:\/\/sporthopp.com\/da\/ordbog\/vikersund-ra-luft\/\" >vikersund r\u00e5 luft<\/a><\/li><li class=\"wpg-list-item\"><a class=\"wpg-list-item-title\" title=\"vinter-OL 2022 langrend\" href=\"https:\/\/sporthopp.com\/da\/ordbog\/vinter-ol-2022-langrend\/\" >vinter-OL 2022 langrend<\/a><\/li><li class=\"wpg-list-item\"><a class=\"wpg-list-item-title\" title=\"VM i fodbold for kvinder 2023\" href=\"https:\/\/sporthopp.com\/da\/ordbog\/vm-i-fodbold-for-kvinder-2023\/\" >VM i fodbold for kvinder 2023<\/a><\/li><\/ul><\/div><\/div><div class=\"wpg-clearfix\"><\/div><\/div>\n\t<\/div>\n<\/div>\n\n\n\n\n\t\t<\/div> \n\t<\/div>\n\t<\/div> \n<\/div><\/div>\n\t\t\t<\/div> \n\t\t<\/div>\n\t<\/div> \n<\/div><\/div>","protected":false},"excerpt":{"rendered":"VM KVINNER FOTBALL 2023 DETTE LURER MANGE P\u00c5 F\u00d8R DE SJEKKER TALL OG TABELLER HVORDAN BLE SLUTTSPILLBRACKETEN FASTSATT, OG HVA STYRTE HJEMMEBANE?Sluttspillet fulgte et forh\u00e5ndsdefinert bracket: 1. og 2. plass i hver gruppe ble plassert inn i \u00e5ttedelsfinalene etter et...","protected":false},"author":7,"featured_media":0,"parent":0,"menu_order":0,"comment_status":"closed","ping_status":"closed","template":"","meta":{"_acf_changed":false,"inline_featured_image":false,"_glsr_average":0,"_glsr_ranking":0,"_glsr_reviews":0,"footnotes":""},"class_list":["post-11232","page","type-page","status-publish"],"acf":[],"aioseo_notices":[],"aioseo_head":"\n\t\t<!-- All in One SEO Pro 4.8.1.1 - aioseo.com -->\n\t<meta name=\"description\" content=\"Oversikt over kvinne-VM 2023: format med 32 lag, tiebreak-regler, sluttspillbracket, finalen og n\u00f8kkeltall i tabeller.\" \/>\n\t<meta name=\"robots\" content=\"max-image-preview:large\" \/>\n\t<link rel=\"canonical\" href=\"https:\/\/sporthopp.com\/da\/ordbog\/vm-i-fodbold-for-kvinder-2023\/\" \/>\n\t<meta name=\"generator\" content=\"All in One SEO Pro (AIOSEO) 4.8.1.1\" \/>\n\t\t<meta property=\"og:locale\" content=\"da_DK\" \/>\n\t\t<meta property=\"og:site_name\" content=\"Sporthopp.com -\" \/>\n\t\t<meta property=\"og:type\" content=\"article\" \/>\n\t\t<meta property=\"og:title\" content=\"VM kvinner fotball 2023: format, regler og tall\" \/>\n\t\t<meta property=\"og:description\" content=\"Oversikt over kvinne-VM 2023: format med 32 lag, tiebreak-regler, sluttspillbracket, finalen og n\u00f8kkeltall i tabeller.\" \/>\n\t\t<meta property=\"og:url\" content=\"https:\/\/sporthopp.com\/da\/ordbog\/vm-i-fodbold-for-kvinder-2023\/\" \/>\n\t\t<meta property=\"og:image\" content=\"https:\/\/sporthopp.com\/wp-content\/uploads\/2026\/02\/sporthopp-logo.png\" \/>\n\t\t<meta property=\"og:image:secure_url\" content=\"https:\/\/sporthopp.com\/wp-content\/uploads\/2026\/02\/sporthopp-logo.png\" \/>\n\t\t<meta property=\"og:image:width\" content=\"1119\" \/>\n\t\t<meta property=\"og:image:height\" content=\"564\" \/>\n\t\t<meta property=\"article:published_time\" content=\"2026-03-06T15:19:04+00:00\" \/>\n\t\t<meta property=\"article:modified_time\" content=\"2026-03-06T15:19:04+00:00\" \/>\n\t\t<meta name=\"twitter:card\" content=\"summary_large_image\" \/>\n\t\t<meta name=\"twitter:site\" content=\"@MarekProch97105\" \/>\n\t\t<meta name=\"twitter:title\" content=\"VM kvinner fotball 2023: format, regler og tall\" \/>\n\t\t<meta name=\"twitter:description\" content=\"Oversikt over kvinne-VM 2023: format med 32 lag, tiebreak-regler, sluttspillbracket, finalen og n\u00f8kkeltall i tabeller.\" \/>\n\t\t<meta name=\"twitter:creator\" content=\"@MarekProch97105\" \/>\n\t\t<meta name=\"twitter:image\" content=\"https:\/\/sporthopp.com\/wp-content\/uploads\/2026\/02\/sporthopp-logo.png\" \/>\n\t\t<script type=\"application\/ld+json\" class=\"aioseo-schema\">\n\t\t\t{\"@context\":\"https:\\\/\\\/schema.org\",\"@graph\":[{\"@type\":\"BreadcrumbList\",\"@id\":\"https:\\\/\\\/sporthopp.com\\\/da\\\/ordbog\\\/vm-i-fodbold-for-kvinder-2023\\\/#breadcrumblist\",\"itemListElement\":[{\"@type\":\"ListItem\",\"@id\":\"https:\\\/\\\/sporthopp.com\\\/da\\\/#listItem\",\"position\":1,\"name\":\"Home\",\"item\":\"https:\\\/\\\/sporthopp.com\\\/da\\\/\",\"nextItem\":{\"@type\":\"ListItem\",\"@id\":\"https:\\\/\\\/sporthopp.com\\\/da\\\/ordbog\\\/vm-i-fodbold-for-kvinder-2023\\\/#listItem\",\"name\":\"vm kvinner fotball 2023\"}},{\"@type\":\"ListItem\",\"@id\":\"https:\\\/\\\/sporthopp.com\\\/da\\\/ordbog\\\/vm-i-fodbold-for-kvinder-2023\\\/#listItem\",\"position\":2,\"name\":\"vm kvinner fotball 2023\",\"previousItem\":{\"@type\":\"ListItem\",\"@id\":\"https:\\\/\\\/sporthopp.com\\\/da\\\/#listItem\",\"name\":\"Home\"}}]},{\"@type\":\"Organization\",\"@id\":\"https:\\\/\\\/sporthopp.com\\\/da\\\/#organization\",\"name\":\"Sporthopp.com\",\"url\":\"https:\\\/\\\/sporthopp.com\\\/da\\\/\",\"logo\":{\"@type\":\"ImageObject\",\"url\":\"https:\\\/\\\/sporthopp.com\\\/wp-content\\\/uploads\\\/2026\\\/02\\\/sporthopp-logo.png\",\"@id\":\"https:\\\/\\\/sporthopp.com\\\/da\\\/ordbog\\\/vm-i-fodbold-for-kvinder-2023\\\/#organizationLogo\",\"width\":1119,\"height\":564},\"image\":{\"@id\":\"https:\\\/\\\/sporthopp.com\\\/da\\\/ordbog\\\/vm-i-fodbold-for-kvinder-2023\\\/#organizationLogo\"},\"sameAs\":[\"https:\\\/\\\/x.com\\\/MarekProch97105\",\"https:\\\/\\\/www.linkedin.com\\\/in\\\/marek-prochzka-a44875328\\\/\"]},{\"@type\":\"Person\",\"@id\":\"https:\\\/\\\/sporthopp.com\\\/da\\\/inlaggsforfattare\\\/marek-prochazka#author\",\"url\":\"https:\\\/\\\/sporthopp.com\\\/da\\\/inlaggsforfattare\\\/marek-prochazka\",\"name\":\"Marek Prochazka\",\"image\":{\"@type\":\"ImageObject\",\"url\":\"https:\\\/\\\/sporthopp.com\\\/wp-content\\\/uploads\\\/2024\\\/07\\\/cropped-Reduced1_shutterstock_2188071443-1-e1726160946634.jpg\"}},{\"@type\":\"WebPage\",\"@id\":\"https:\\\/\\\/sporthopp.com\\\/da\\\/ordbog\\\/vm-i-fodbold-for-kvinder-2023\\\/#webpage\",\"url\":\"https:\\\/\\\/sporthopp.com\\\/da\\\/ordbog\\\/vm-i-fodbold-for-kvinder-2023\\\/\",\"name\":\"VM kvinner fotball 2023: format, regler og tall\",\"description\":\"Oversikt over kvinne-VM 2023: format med 32 lag, tiebreak-regler, sluttspillbracket, finalen og n\\u00f8kkeltall i tabeller.\",\"inLanguage\":\"da-DK\",\"isPartOf\":{\"@id\":\"https:\\\/\\\/sporthopp.com\\\/da\\\/#website\"},\"breadcrumb\":{\"@id\":\"https:\\\/\\\/sporthopp.com\\\/da\\\/ordbog\\\/vm-i-fodbold-for-kvinder-2023\\\/#breadcrumblist\"},\"author\":{\"@id\":\"https:\\\/\\\/sporthopp.com\\\/da\\\/inlaggsforfattare\\\/marek-prochazka#author\"},\"creator\":{\"@id\":\"https:\\\/\\\/sporthopp.com\\\/da\\\/inlaggsforfattare\\\/marek-prochazka#author\"},\"datePublished\":\"2026-03-06T15:19:04+00:00\",\"dateModified\":\"2026-03-06T15:19:04+00:00\"},{\"@type\":\"WebSite\",\"@id\":\"https:\\\/\\\/sporthopp.com\\\/da\\\/#website\",\"url\":\"https:\\\/\\\/sporthopp.com\\\/da\\\/\",\"name\":\"Sporthopp.com\",\"inLanguage\":\"da-DK\",\"publisher\":{\"@id\":\"https:\\\/\\\/sporthopp.com\\\/da\\\/#organization\"}}]}\n\t\t<\/script>\n\t\t<!-- All in One SEO Pro -->\r\n\t\t<title>VM kvinner fotball 2023: format, regler og tall<\/title>\n\n","aioseo_head_json":{"title":"VM i kvindefodbold 2023: format, regler og tal","description":"Oversigt over VM for kvinder 2023: 32-holds format, tiebreak-regler, playoff-beslag, finale og n\u00f8gletal i tabeller.","canonical_url":"https:\/\/sporthopp.com\/da\/ordbog\/vm-i-fodbold-for-kvinder-2023\/","robots":"max-image-preview:large","keywords":"","webmasterTools":{"miscellaneous":""},"schema":{"@context":"https:\/\/schema.org","@graph":[{"@type":"BreadcrumbList","@id":"https:\/\/sporthopp.com\/da\/ordbog\/vm-i-fodbold-for-kvinder-2023\/#breadcrumblist","itemListElement":[{"@type":"ListItem","@id":"https:\/\/sporthopp.com\/da\/#listItem","position":1,"name":"Home","item":"https:\/\/sporthopp.com\/da\/","nextItem":{"@type":"ListItem","@id":"https:\/\/sporthopp.com\/da\/ordbog\/vm-i-fodbold-for-kvinder-2023\/#listItem","name":"vm kvinner fotball 2023"}},{"@type":"ListItem","@id":"https:\/\/sporthopp.com\/da\/ordbog\/vm-i-fodbold-for-kvinder-2023\/#listItem","position":2,"name":"vm kvinner fotball 2023","previousItem":{"@type":"ListItem","@id":"https:\/\/sporthopp.com\/da\/#listItem","name":"Home"}}]},{"@type":"Organization","@id":"https:\/\/sporthopp.com\/da\/#organization","name":"Sporthopp.com","url":"https:\/\/sporthopp.com\/da\/","logo":{"@type":"ImageObject","url":"https:\/\/sporthopp.com\/wp-content\/uploads\/2026\/02\/sporthopp-logo.png","@id":"https:\/\/sporthopp.com\/da\/ordbog\/vm-i-fodbold-for-kvinder-2023\/#organizationLogo","width":1119,"height":564},"image":{"@id":"https:\/\/sporthopp.com\/da\/ordbog\/vm-i-fodbold-for-kvinder-2023\/#organizationLogo"},"sameAs":["https:\/\/x.com\/MarekProch97105","https:\/\/www.linkedin.com\/in\/marek-prochzka-a44875328\/"]},{"@type":"Person","@id":"https:\/\/sporthopp.com\/da\/inlaggsforfattare\/marek-prochazka#author","url":"https:\/\/sporthopp.com\/da\/inlaggsforfattare\/marek-prochazka","name":"Marek Prochazka","image":{"@type":"ImageObject","url":"https:\/\/sporthopp.com\/wp-content\/uploads\/2024\/07\/cropped-Reduced1_shutterstock_2188071443-1-e1726160946634.jpg"}},{"@type":"WebPage","@id":"https:\/\/sporthopp.com\/da\/ordbog\/vm-i-fodbold-for-kvinder-2023\/#webpage","url":"https:\/\/sporthopp.com\/da\/ordbog\/vm-i-fodbold-for-kvinder-2023\/","name":"VM kvinner fotball 2023: format, regler og tall","description":"Oversikt over kvinne-VM 2023: format med 32 lag, tiebreak-regler, sluttspillbracket, finalen og n\u00f8kkeltall i tabeller.","inLanguage":"da-DK","isPartOf":{"@id":"https:\/\/sporthopp.com\/da\/#website"},"breadcrumb":{"@id":"https:\/\/sporthopp.com\/da\/ordbog\/vm-i-fodbold-for-kvinder-2023\/#breadcrumblist"},"author":{"@id":"https:\/\/sporthopp.com\/da\/inlaggsforfattare\/marek-prochazka#author"},"creator":{"@id":"https:\/\/sporthopp.com\/da\/inlaggsforfattare\/marek-prochazka#author"},"datePublished":"2026-03-06T15:19:04+00:00","dateModified":"2026-03-06T15:19:04+00:00"},{"@type":"WebSite","@id":"https:\/\/sporthopp.com\/da\/#website","url":"https:\/\/sporthopp.com\/da\/","name":"Sporthopp.com","inLanguage":"da-DK","publisher":{"@id":"https:\/\/sporthopp.com\/da\/#organization"}}]},"og:locale":"da_DK","og:site_name":"Sporthopp.com -","og:type":"article","og:title":"VM kvinner fotball 2023: format, regler og tall","og:description":"Oversikt over kvinne-VM 2023: format med 32 lag, tiebreak-regler, sluttspillbracket, finalen og n\u00f8kkeltall i tabeller.","og:url":"https:\/\/sporthopp.com\/da\/ordbog\/vm-i-fodbold-for-kvinder-2023\/","og:image":"https:\/\/sporthopp.com\/wp-content\/uploads\/2026\/02\/sporthopp-logo.png","og:image:secure_url":"https:\/\/sporthopp.com\/wp-content\/uploads\/2026\/02\/sporthopp-logo.png","og:image:width":1119,"og:image:height":564,"article:published_time":"2026-03-06T15:19:04+00:00","article:modified_time":"2026-03-06T15:19:04+00:00","twitter:card":"summary_large_image","twitter:site":"@MarekProch97105","twitter:title":"VM kvinner fotball 2023: format, regler og tall","twitter:description":"Oversikt over kvinne-VM 2023: format med 32 lag, tiebreak-regler, sluttspillbracket, finalen og n\u00f8kkeltall i tabeller.","twitter:creator":"@MarekProch97105","twitter:image":"https:\/\/sporthopp.com\/wp-content\/uploads\/2026\/02\/sporthopp-logo.png"},"aioseo_meta_data":{"post_id":"11232","title":null,"description":null,"keywords":null,"keyphrases":{"focus":{"keyphrase":"sport","score":59,"analysis":{"keyphraseInTitle":{"score":3,"maxScore":9,"error":1},"keyphraseInDescription":{"score":3,"maxScore":9,"error":1},"keyphraseLength":{"score":9,"maxScore":9,"error":0,"length":1},"keyphraseInURL":{"score":5,"maxScore":5,"error":0},"keyphraseInIntroduction":{"score":3,"maxScore":9,"error":1},"keyphraseInSubHeadings":{"score":3,"maxScore":9,"error":1},"keyphraseInImageAlt":[],"keywordDensity":{"type":"best","score":9,"maxScore":9,"error":0}}},"additional":[]},"primary_term":null,"canonical_url":null,"og_title":null,"og_description":null,"og_object_type":"default","og_image_type":"default","og_image_url":null,"og_image_width":null,"og_image_height":null,"og_image_custom_url":null,"og_image_custom_fields":null,"og_video":"","og_custom_url":null,"og_article_section":null,"og_article_tags":null,"twitter_use_og":false,"twitter_card":"default","twitter_image_type":"default","twitter_image_url":null,"twitter_image_custom_url":null,"twitter_image_custom_fields":null,"twitter_title":null,"twitter_description":null,"schema":{"blockGraphs":[],"customGraphs":[],"default":{"data":{"Article":[],"Course":[],"Dataset":[],"FAQPage":[],"Movie":[],"Person":[],"Product":[],"ProductReview":[],"Car":[],"Recipe":[],"Service":[],"SoftwareApplication":[],"WebPage":[]},"graphName":"WebPage","isEnabled":true},"graphs":[]},"schema_type":"default","schema_type_options":null,"pillar_content":false,"robots_default":true,"robots_noindex":false,"robots_noarchive":false,"robots_nosnippet":false,"robots_nofollow":false,"robots_noimageindex":false,"robots_noodp":false,"robots_notranslate":false,"robots_max_snippet":"-1","robots_max_videopreview":"-1","robots_max_imagepreview":"large","priority":null,"frequency":"default","local_seo":null,"limit_modified_date":false,"reviewed_by":null,"open_ai":{"title":{"suggestions":[],"usage":0},"description":{"suggestions":[],"usage":0}},"created":"2025-01-16 11:26:45","updated":"2026-02-26 14:50:40"},"aioseo_breadcrumb":"<div class=\"aioseo-breadcrumbs\"><span class=\"aioseo-breadcrumb\">\n\t<a href=\"https:\/\/sporthopp.com\/da\" title=\"Hjem\">Hjem<\/a>\n<\/span><span class=\"aioseo-breadcrumb-separator\">&gt;<\/span><span class=\"aioseo-breadcrumb\">\n\tOrdbok\n<\/span><\/div>","aioseo_breadcrumb_json":[{"label":"Hjem","link":"https:\/\/sporthopp.com\/da"},{"label":"Ordbok","link":"https:\/\/sporthopp.com\/da\/ordbog\/"}],"_links":{"self":[{"href":"https:\/\/sporthopp.com\/da\/wp-json\/wp\/v2\/pages\/11232","targetHints":{"allow":["GET"]}}],"collection":[{"href":"https:\/\/sporthopp.com\/da\/wp-json\/wp\/v2\/pages"}],"about":[{"href":"https:\/\/sporthopp.com\/da\/wp-json\/wp\/v2\/types\/page"}],"author":[{"embeddable":true,"href":"https:\/\/sporthopp.com\/da\/wp-json\/wp\/v2\/users\/7"}],"replies":[{"embeddable":true,"href":"https:\/\/sporthopp.com\/da\/wp-json\/wp\/v2\/comments?post=11232"}],"version-history":[{"count":9,"href":"https:\/\/sporthopp.com\/da\/wp-json\/wp\/v2\/pages\/11232\/revisions"}],"predecessor-version":[{"id":13426,"href":"https:\/\/sporthopp.com\/da\/wp-json\/wp\/v2\/pages\/11232\/revisions\/13426"}],"wp:attachment":[{"href":"https:\/\/sporthopp.com\/da\/wp-json\/wp\/v2\/media?parent=11232"}],"curies":[{"name":"wp","href":"https:\/\/api.w.org\/{rel}","templated":true}]}}