{"id":10562,"date":"2024-11-26T16:56:34","date_gmt":"2024-11-26T16:56:34","guid":{"rendered":"https:\/\/sporthopp.com\/?page_id=10562"},"modified":"2026-02-16T18:06:04","modified_gmt":"2026-02-16T18:06:04","slug":"sitemap","status":"publish","type":"page","link":"https:\/\/sporthopp.com\/da\/sitemap\/","title":{"rendered":"Kort over webstedet"},"content":{"rendered":"<div id=\"fws_6a03b8698d593\"  data-column-margin=\"default\" data-midnight=\"dark\"  class=\"wpb_row vc_row-fluid vc_row\"  style=\"padding-top: 0px; padding-bottom: 0px; \"><div class=\"row-bg-wrap\" data-bg-animation=\"none\" data-bg-animation-delay=\"\" data-bg-overlay=\"false\"><div class=\"inner-wrap row-bg-layer\" ><div class=\"row-bg viewport-desktop\"  style=\"\"><\/div><\/div><\/div><div class=\"row_col_wrap_12 col span_12 dark left\">\n\t<div  class=\"vc_col-sm-12 wpb_column column_container vc_column_container col no-extra-padding inherit_tablet inherit_phone\"  data-padding-pos=\"all\" data-has-bg-color=\"false\" data-bg-color=\"\" data-bg-opacity=\"1\" data-animation=\"\" data-delay=\"0\" >\n\t\t<div class=\"vc_column-inner\" >\n\t\t\t<div class=\"wpb_wrapper\">\n\t\t\t\t\n<div class=\"wpb_text_column wpb_content_element\" >\n\t<div class=\"wpb_wrapper\">\n\t\t<div class=\"aioseo-breadcrumbs\"><span class=\"aioseo-breadcrumb\">\n\tStartside\n<\/span><\/div>\n\t<\/div>\n<\/div>\n\n\n\n\n\t\t\t<\/div> \n\t\t<\/div>\n\t<\/div> \n<\/div><\/div>\n\t\t<div id=\"fws_6a03b8698de65\"  data-column-margin=\"default\" data-midnight=\"dark\"  class=\"wpb_row vc_row-fluid vc_row\"  style=\"padding-top: 0px; padding-bottom: 0px; \"><div class=\"row-bg-wrap\" data-bg-animation=\"none\" data-bg-animation-delay=\"\" data-bg-overlay=\"false\"><div class=\"inner-wrap row-bg-layer\" ><div class=\"row-bg viewport-desktop\"  style=\"\"><\/div><\/div><\/div><div class=\"row_col_wrap_12 col span_12 dark left\">\n\t<div  class=\"vc_col-sm-12 wpb_column column_container vc_column_container col no-extra-padding inherit_tablet inherit_phone\"  data-padding-pos=\"all\" data-has-bg-color=\"false\" data-bg-color=\"\" data-bg-opacity=\"1\" data-animation=\"\" data-delay=\"0\" >\n\t\t<div class=\"vc_column-inner\" >\n\t\t\t<div class=\"wpb_wrapper\">\n\t\t\t\t<h1 style=\"text-align: left\" class=\"vc_custom_heading vc_do_custom_heading\" >Kort over webstedet<\/h1>\n\t\t\t<\/div> \n\t\t<\/div>\n\t<\/div> \n<\/div><\/div>\n\t\t<div id=\"fws_6a03b8698e062\"  data-column-margin=\"none\" data-midnight=\"dark\"  class=\"wpb_row vc_row-fluid vc_row\"  style=\"padding-top: 0px; padding-bottom: 0px; \"><div class=\"row-bg-wrap\" data-bg-animation=\"none\" data-bg-animation-delay=\"\" data-bg-overlay=\"false\"><div class=\"inner-wrap row-bg-layer\" ><div class=\"row-bg viewport-desktop\"  style=\"\"><\/div><\/div><\/div><div class=\"row_col_wrap_12 col span_12 dark left\">\n\t<div  class=\"vc_col-sm-12 wpb_column column_container vc_column_container col no-extra-padding inherit_tablet inherit_phone\"  data-padding-pos=\"all\" data-has-bg-color=\"false\" data-bg-color=\"\" data-bg-opacity=\"1\" data-animation=\"\" data-delay=\"0\" >\n\t\t<div class=\"vc_column-inner\" >\n\t\t\t<div class=\"wpb_wrapper\">\n\t\t\t\t\n<div class=\"wpb_text_column wpb_content_element\" >\n\t<div class=\"wpb_wrapper\">\n\t\t<div class=\"aioseo-html-sitemap\"><style>.aioseo-html-sitemap.labels-hidden ul { margin: 0; }<\/style><div class=\"aioseo-html-post-sitemap\"><h4>Indl\u00e6g<\/h4><ul><li><a href=\"https:\/\/sporthopp.com\/da\/alexander-stockl-traener-norge-2\/\" >ALEXANDER ST\u00d6CKL<\/a><\/li><li><a href=\"https:\/\/sporthopp.com\/da\/harald-ostberg-amundsen-langrend\/\" >HARALD \u00d8STBERG AMUNDSEN<\/a><\/li><li><a href=\"https:\/\/sporthopp.com\/da\/andreas-fjorden-ree-profil-langrend\/\" >ANDREAS FJORDEN REE<\/a><\/li><li><a href=\"https:\/\/sporthopp.com\/da\/simen-hegstad-kruger\/\" >SIMEN HEGSTAD KR\u00dcGER<\/a><\/li><li><a href=\"https:\/\/sporthopp.com\/da\/nora-sandhed\/\" >NORA SANNESS<\/a><\/li><li><a href=\"https:\/\/sporthopp.com\/da\/silje-theodorsen-langrend\/\" >SILJE THEODORSEN<\/a><\/li><li><a href=\"https:\/\/sporthopp.com\/da\/kristin-austgulen-fosnaes\/\" >KRISTIN AUSTGULEN FOSN\u00c6S<\/a><\/li><li><a href=\"https:\/\/sporthopp.com\/da\/johannes-hosflot-klaebo\/\" >JOHANNES H\u00d8SFLOT KL\u00c6BO<\/a><\/li><li><a href=\"https:\/\/sporthopp.com\/da\/jan-thomas-jenssen-profil\/\" >JAN THOMAS JENSSEN<\/a><\/li><li><a href=\"https:\/\/sporthopp.com\/da\/kristine-stavas-skistad\/\" >KRISTINE STAV\u00c5S SKISTAD<\/a><\/li><li><a href=\"https:\/\/sporthopp.com\/da\/anne-kjersti-kalva-profil\/\" >ANNE KJERSTI KALV\u00c5<\/a><\/li><li><a href=\"https:\/\/sporthopp.com\/da\/petter-northug-kaereste-status\/\" >PETTER NORTHUG K\u00c6RESTE<\/a><\/li><li><a href=\"https:\/\/sporthopp.com\/da\/ingvild-flugstad-ostberg\/\" >INGVILD FLUGSTAD \u00d8STBERG<\/a><\/li><li><a href=\"https:\/\/sporthopp.com\/da\/maren-lundby-kjaereste\/\" >MAREN LUNDBY K\u00c6RESTE<\/a><\/li><li><a href=\"https:\/\/sporthopp.com\/da\/jan-erik-aalbu\/\" >JAN ERIK AALBU<\/a><\/li><li><a href=\"https:\/\/sporthopp.com\/da\/ansgar-evensen\/\" >ANSGAR EVENSEN<\/a><\/li><li><a href=\"https:\/\/sporthopp.com\/da\/oscar-bobb-mor\/\" >OSCAR BOBB MOR<\/a><\/li><li><a href=\"https:\/\/sporthopp.com\/da\/frida-maanum\/\" >FRIDA MAANUM<\/a><\/li><li><a href=\"https:\/\/sporthopp.com\/da\/ruben-alte-profil\/\" >RUBEN ALTE<\/a><\/li><li><a href=\"https:\/\/sporthopp.com\/da\/selma-panengstuen-profil\/\" >SELMA PANENGSTUEN<\/a><\/li><li><a href=\"https:\/\/sporthopp.com\/da\/manuela-riegler\/\" >MANUELA RIEGLER<\/a><\/li><li><a href=\"https:\/\/sporthopp.com\/da\/nordisk-kombineret\/\" >NORDISK KOMBINERET<\/a><\/li><li><a href=\"https:\/\/sporthopp.com\/da\/johanne-killi\/\" >JOHANNE KILLI<\/a><\/li><li><a href=\"https:\/\/sporthopp.com\/da\/shaun-white-snowboard-halfpipe-ol\/\" >SHAUN WHITE<\/a><\/li><li><a href=\"https:\/\/sporthopp.com\/da\/jamie-anderson-snowboard-slopestyle\/\" >JAMIE ANDERSON<\/a><\/li><li><a href=\"https:\/\/sporthopp.com\/da\/kelly-clark-profil\/\" >KELLY CLARK<\/a><\/li><li><a href=\"https:\/\/sporthopp.com\/da\/terje-hakonsen\/\" >TERJE H\u00c5KONSEN<\/a><\/li><li><a href=\"https:\/\/sporthopp.com\/da\/kjersti-buas-profil\/\" >Kjersti Buaas<\/a><\/li><li><a href=\"https:\/\/sporthopp.com\/da\/torah-bright-snowboard\/\" >TORAH BRIGHT<\/a><\/li><li><a href=\"https:\/\/sporthopp.com\/da\/fakta-om-chloe-kim-ol-halvpipe\/\" >CHLOE KIM<\/a><\/li><li><a href=\"https:\/\/sporthopp.com\/da\/mark-mcmorris-ol-x-games-profil\/\" >MARK MCMORRIS<\/a><\/li><li><a href=\"https:\/\/sporthopp.com\/da\/laurie-blouin-profil\/\" >LAURIE BLOUIN<\/a><\/li><li><a href=\"https:\/\/sporthopp.com\/da\/sebastien-toutant\/\" >S\u00c9BASTIEN TOUTANT<\/a><\/li><li><a href=\"https:\/\/sporthopp.com\/da\/brooke-voigt\/\" >BROOKE VOIGT<\/a><\/li><li><a href=\"https:\/\/sporthopp.com\/da\/anna-gasser\/\" >ANNA GASSER<\/a><\/li><li><a href=\"https:\/\/sporthopp.com\/da\/ayumu-hirano-fakta-ol-guld-halfpipe-12\/\" >AYUMU HIRANO<\/a><\/li><li><a href=\"https:\/\/sporthopp.com\/da\/yuka-fujimori\/\" >YUKA FUJIMORI<\/a><\/li><li><a href=\"https:\/\/sporthopp.com\/da\/stale-sandbech-ol-solv-x-games-profil\/\" >STALE SANDBECH<\/a><\/li><li><a href=\"https:\/\/sporthopp.com\/da\/silje-norendal\/\" >SILJE NORENDAL<\/a><\/li><li><a href=\"https:\/\/sporthopp.com\/da\/marcus-kleveland\/\" >MARCUS KLEVELAND<\/a><\/li><li><a href=\"https:\/\/sporthopp.com\/da\/mons-roisland-1-2-ol-solv-snowboard\/\" >MONS R\u00d8ISLAND<\/a><\/li><li><a href=\"https:\/\/sporthopp.com\/da\/hanne-eilertsen\/\" >HANNE EILERTSEN<\/a><\/li><\/ul><\/div><br \/><div class=\"aioseo-html-page-sitemap\"><h4>Sider<\/h4><ul><li><a href=\"https:\/\/sporthopp.com\/da\/\" >Hjemmeside<\/a><\/li><li><a href=\"https:\/\/sporthopp.com\/da\/om-sportsudspring\/\" >Om Sporthopp<\/a><\/li><li><a href=\"https:\/\/sporthopp.com\/da\/vilkar-og-betingelser\/\" >Vilk\u00e5r og betingelser<\/a><\/li><li><a href=\"https:\/\/sporthopp.com\/da\/kontakt\/\" >Kontakt os<\/a><\/li><li><a href=\"https:\/\/sporthopp.com\/da\/cookies-til-sporthopp-com\/\" >Cookies til Sporthopp.com<\/a><\/li><li><a href=\"https:\/\/sporthopp.com\/da\/sitemap\/\" >Kort over webstedet<\/a><\/li><li><a href=\"https:\/\/sporthopp.com\/da\/ordbog\/\" >Ordbog<\/a><\/li><li><a href=\"https:\/\/sporthopp.com\/da\/fortrolighedserklaering-for-sportsspring\/\" >Fortrolighedspolitik for Sporthopp<\/a><\/li><\/ul><\/div><br \/><div class=\"aioseo-html-inlaggsforfattare-sitemap\"><h4>Indl\u00e6g forfattere<\/h4><ul><li><a href=\"https:\/\/sporthopp.com\/da\/indsaet-forfatter\/marek-prochazka\/\" >Marek Proch\u00e1zka<\/a><\/li><li><a href=\"https:\/\/sporthopp.com\/da\/indsaet-forfatter\/sofia-lundgren\/\" >Sofia Lundgren<\/a><\/li><\/ul><\/div><br \/><\/div>\n\t<\/div>\n<\/div>\n\n\n\n\n\t\t\t<\/div> \n\t\t<\/div>\n\t<\/div> \n<\/div><\/div>","protected":false},"excerpt":{"rendered":"Hjem Nettstedkart Indl\u00e6gALEXANDER ST\u00d6CKLHARALD \u00d8STBERG AMUNDSENANDREAS FJORDEN REESIMEN HEGSTAD KR\u00dcGERNORA SANNESSSILJE THEODORSENKRISTIN AUSTGULEN FOSN\u00c6SJOHANNES H\u00d8SFLOT KL\u00c6BOJAN THOMAS JENSSENKRISTINE STAV\u00c5S SKISTADANNE KJERSTI KALV\u00c5PETTER NORTHUG KJ\u00c6RESTEINGVILD FLUGSTAD \u00d8STBERGMAREN LUNDBY KJ\u00c6RESTEJAN ERIK AALBUANSGAR EVENSENOSCAR BOBB MOR\u200bFRIDA MAANUMRUBEN ALTESELMA PANENGSTUENMANUELA RIEGLERNORDISK KOMBINERTJOHANNE KILLISHAUN WHITEJAMIE...","protected":false},"author":1,"featured_media":0,"parent":0,"menu_order":0,"comment_status":"closed","ping_status":"closed","template":"","meta":{"_acf_changed":false,"inline_featured_image":false,"_glsr_average":0,"_glsr_ranking":0,"_glsr_reviews":0,"footnotes":""},"class_list":["post-10562","page","type-page","status-publish"],"acf":[],"aioseo_notices":[],"aioseo_head":"\n\t\t<!-- All in One SEO Pro 4.8.1.1 - aioseo.com -->\n\t<meta name=\"description\" content=\"Hjem &gt; Nettstedkart Nettstedkart Indl\u00e6gALEXANDER ST\u00d6CKLHARALD \u00d8STBERG AMUNDSENANDREAS FJORDEN REESIMEN HEGSTAD KR\u00dcGERNORA SANNESSSILJE THEODORSENKRISTIN AUSTGULEN FOSN\u00c6SJOHANNES H\u00d8SFLOT KL\u00c6BOJAN THOMAS JENSSENKRISTINE STAV\u00c5S SKISTADANNE KJERSTI KALV\u00c5PETTER NORTHUG KJ\u00c6RESTEINGVILD FLUGSTAD \u00d8STBERGMAREN LUNDBY KJ\u00c6RESTEJAN ERIK AALBUANSGAR EVENSENOSCAR BOBB MOR\u200bFRIDA MAANUMRUBEN ALTESELMA PANENGSTUENMANUELA RIEGLERNORDISK KOMBINERTJOHANNE KILLISHAUN WHITEJAMIE ANDERSONKELLY CLARKTERJE H\u00c5KONSENKJERSTI BUAASTORAH BRIGHTCHLOE KIMMARK MCMORRISLAURIE BLOUINS\u00c9BASTIEN TOUTANTBROOKE VOIGTANNA GASSERAYUMU HIRANOYUKA FUJIMORISTALE\" \/>\n\t<meta name=\"robots\" content=\"max-image-preview:large\" \/>\n\t<link rel=\"canonical\" href=\"https:\/\/sporthopp.com\/da\/sitemap\/\" \/>\n\t<meta name=\"generator\" content=\"All in One SEO Pro (AIOSEO) 4.8.1.1\" \/>\n\t\t<meta property=\"og:locale\" content=\"da_DK\" \/>\n\t\t<meta property=\"og:site_name\" content=\"Sporthopp.com -\" \/>\n\t\t<meta property=\"og:type\" content=\"article\" \/>\n\t\t<meta property=\"og:title\" content=\"Nettstedkart - Sporthopp.com\" \/>\n\t\t<meta property=\"og:description\" content=\"Hjem &gt; Nettstedkart Nettstedkart Indl\u00e6gALEXANDER ST\u00d6CKLHARALD \u00d8STBERG AMUNDSENANDREAS FJORDEN REESIMEN HEGSTAD KR\u00dcGERNORA SANNESSSILJE THEODORSENKRISTIN AUSTGULEN FOSN\u00c6SJOHANNES H\u00d8SFLOT KL\u00c6BOJAN THOMAS JENSSENKRISTINE STAV\u00c5S SKISTADANNE KJERSTI KALV\u00c5PETTER NORTHUG KJ\u00c6RESTEINGVILD FLUGSTAD \u00d8STBERGMAREN LUNDBY KJ\u00c6RESTEJAN ERIK AALBUANSGAR EVENSENOSCAR BOBB MOR\u200bFRIDA MAANUMRUBEN ALTESELMA PANENGSTUENMANUELA RIEGLERNORDISK KOMBINERTJOHANNE KILLISHAUN WHITEJAMIE ANDERSONKELLY CLARKTERJE H\u00c5KONSENKJERSTI BUAASTORAH BRIGHTCHLOE KIMMARK MCMORRISLAURIE BLOUINS\u00c9BASTIEN TOUTANTBROOKE VOIGTANNA GASSERAYUMU HIRANOYUKA FUJIMORISTALE\" \/>\n\t\t<meta property=\"og:url\" content=\"https:\/\/sporthopp.com\/da\/sitemap\/\" \/>\n\t\t<meta property=\"og:image\" content=\"https:\/\/sporthopp.com\/wp-content\/uploads\/2026\/02\/sporthopp-logo.png\" \/>\n\t\t<meta property=\"og:image:secure_url\" content=\"https:\/\/sporthopp.com\/wp-content\/uploads\/2026\/02\/sporthopp-logo.png\" \/>\n\t\t<meta property=\"og:image:width\" content=\"1119\" \/>\n\t\t<meta property=\"og:image:height\" content=\"564\" \/>\n\t\t<meta property=\"article:published_time\" content=\"2024-11-26T16:56:34+00:00\" \/>\n\t\t<meta property=\"article:modified_time\" content=\"2026-02-16T18:06:04+00:00\" \/>\n\t\t<meta name=\"twitter:card\" content=\"summary_large_image\" \/>\n\t\t<meta name=\"twitter:site\" content=\"@MarekProch97105\" \/>\n\t\t<meta name=\"twitter:title\" content=\"Nettstedkart - Sporthopp.com\" \/>\n\t\t<meta name=\"twitter:description\" content=\"Hjem &gt; Nettstedkart Nettstedkart Indl\u00e6gALEXANDER ST\u00d6CKLHARALD \u00d8STBERG AMUNDSENANDREAS FJORDEN REESIMEN HEGSTAD KR\u00dcGERNORA SANNESSSILJE THEODORSENKRISTIN AUSTGULEN FOSN\u00c6SJOHANNES H\u00d8SFLOT KL\u00c6BOJAN THOMAS JENSSENKRISTINE STAV\u00c5S SKISTADANNE KJERSTI KALV\u00c5PETTER NORTHUG KJ\u00c6RESTEINGVILD FLUGSTAD \u00d8STBERGMAREN LUNDBY KJ\u00c6RESTEJAN ERIK AALBUANSGAR EVENSENOSCAR BOBB MOR\u200bFRIDA MAANUMRUBEN ALTESELMA PANENGSTUENMANUELA RIEGLERNORDISK KOMBINERTJOHANNE KILLISHAUN WHITEJAMIE ANDERSONKELLY CLARKTERJE H\u00c5KONSENKJERSTI BUAASTORAH BRIGHTCHLOE KIMMARK MCMORRISLAURIE BLOUINS\u00c9BASTIEN TOUTANTBROOKE VOIGTANNA GASSERAYUMU HIRANOYUKA FUJIMORISTALE\" \/>\n\t\t<meta name=\"twitter:creator\" content=\"@MarekProch97105\" \/>\n\t\t<meta name=\"twitter:image\" content=\"https:\/\/sporthopp.com\/wp-content\/uploads\/2026\/02\/sporthopp-logo.png\" \/>\n\t\t<script type=\"application\/ld+json\" class=\"aioseo-schema\">\n\t\t\t{\"@context\":\"https:\\\/\\\/schema.org\",\"@graph\":[{\"@type\":\"BreadcrumbList\",\"@id\":\"https:\\\/\\\/sporthopp.com\\\/da\\\/sitemap\\\/#breadcrumblist\",\"itemListElement\":[{\"@type\":\"ListItem\",\"@id\":\"https:\\\/\\\/sporthopp.com\\\/da\\\/#listItem\",\"position\":1,\"name\":\"Home\",\"item\":\"https:\\\/\\\/sporthopp.com\\\/da\\\/\",\"nextItem\":{\"@type\":\"ListItem\",\"@id\":\"https:\\\/\\\/sporthopp.com\\\/da\\\/sitemap\\\/#listItem\",\"name\":\"Nettstedkart\"}},{\"@type\":\"ListItem\",\"@id\":\"https:\\\/\\\/sporthopp.com\\\/da\\\/sitemap\\\/#listItem\",\"position\":2,\"name\":\"Nettstedkart\",\"previousItem\":{\"@type\":\"ListItem\",\"@id\":\"https:\\\/\\\/sporthopp.com\\\/da\\\/#listItem\",\"name\":\"Home\"}}]},{\"@type\":\"Organization\",\"@id\":\"https:\\\/\\\/sporthopp.com\\\/da\\\/#organization\",\"name\":\"Sporthopp.com\",\"url\":\"https:\\\/\\\/sporthopp.com\\\/da\\\/\",\"logo\":{\"@type\":\"ImageObject\",\"url\":\"https:\\\/\\\/sporthopp.com\\\/wp-content\\\/uploads\\\/2026\\\/02\\\/sporthopp-logo.png\",\"@id\":\"https:\\\/\\\/sporthopp.com\\\/da\\\/sitemap\\\/#organizationLogo\",\"width\":1119,\"height\":564},\"image\":{\"@id\":\"https:\\\/\\\/sporthopp.com\\\/da\\\/sitemap\\\/#organizationLogo\"},\"sameAs\":[\"https:\\\/\\\/x.com\\\/MarekProch97105\",\"https:\\\/\\\/www.linkedin.com\\\/in\\\/marek-prochzka-a44875328\\\/\"]},{\"@type\":\"WebPage\",\"@id\":\"https:\\\/\\\/sporthopp.com\\\/da\\\/sitemap\\\/#webpage\",\"url\":\"https:\\\/\\\/sporthopp.com\\\/da\\\/sitemap\\\/\",\"name\":\"Nettstedkart - Sporthopp.com\",\"description\":\"Hjem > Nettstedkart Nettstedkart Indl\\u00e6gALEXANDER ST\\u00d6CKLHARALD \\u00d8STBERG AMUNDSENANDREAS FJORDEN REESIMEN HEGSTAD KR\\u00dcGERNORA SANNESSSILJE THEODORSENKRISTIN AUSTGULEN FOSN\\u00c6SJOHANNES H\\u00d8SFLOT KL\\u00c6BOJAN THOMAS JENSSENKRISTINE STAV\\u00c5S SKISTADANNE KJERSTI KALV\\u00c5PETTER NORTHUG KJ\\u00c6RESTEINGVILD FLUGSTAD \\u00d8STBERGMAREN LUNDBY KJ\\u00c6RESTEJAN ERIK AALBUANSGAR EVENSENOSCAR BOBB MOR\\u200bFRIDA MAANUMRUBEN ALTESELMA PANENGSTUENMANUELA RIEGLERNORDISK KOMBINERTJOHANNE KILLISHAUN WHITEJAMIE ANDERSONKELLY CLARKTERJE H\\u00c5KONSENKJERSTI BUAASTORAH BRIGHTCHLOE KIMMARK MCMORRISLAURIE BLOUINS\\u00c9BASTIEN TOUTANTBROOKE VOIGTANNA GASSERAYUMU HIRANOYUKA FUJIMORISTALE\",\"inLanguage\":\"da-DK\",\"isPartOf\":{\"@id\":\"https:\\\/\\\/sporthopp.com\\\/da\\\/#website\"},\"breadcrumb\":{\"@id\":\"https:\\\/\\\/sporthopp.com\\\/da\\\/sitemap\\\/#breadcrumblist\"},\"datePublished\":\"2024-11-26T16:56:34+00:00\",\"dateModified\":\"2026-02-16T18:06:04+00:00\"},{\"@type\":\"WebSite\",\"@id\":\"https:\\\/\\\/sporthopp.com\\\/da\\\/#website\",\"url\":\"https:\\\/\\\/sporthopp.com\\\/da\\\/\",\"name\":\"Sporthopp.com\",\"inLanguage\":\"da-DK\",\"publisher\":{\"@id\":\"https:\\\/\\\/sporthopp.com\\\/da\\\/#organization\"}}]}\n\t\t<\/script>\n\t\t<!-- All in One SEO Pro -->\r\n\t\t<title>Nettstedkart - Sporthopp.com<\/title>\n\n","aioseo_head_json":{"title":"Kort over hjemmesiden - Sporthopp.com","description":"Hjem > Nettstedkart Nettstedkart Indl\u00e6gALEXANDER ST\u00d6CKLHARALD \u00d8STBERG AMUNDSENANDREAS FJORDEN REESIMEN HEGSTAD KR\u00dcGERNORA SANNESSSILJE THEODORSENKRISTIN AUSTGULEN FOSN\u00c6SJOHANNES H\u00d8SFLOT KL\u00c6BOJAN THOMAS JENSSENKRISTINE STAV\u00c5S SKISTADANNE KJERSTI KALV\u00c5PETTER NORTHUG KJ\u00c6RESTEINGVILD FLUGSTAD \u00d8STBERGMAREN LUNDBY KJ\u00c6RESTEJAN ERIK AALBUANSGAR EVENSENOSCAR BOBB MOR\u200bFRIDA MAANUMRUBEN ALTESELMA PANENGSTUENMANUELA RIEGLERNORDISK KOMBINERTJOHANNE KILLISHAUN WHITEJAMIE ANDERSONKELLY CLARKTERJE H\u00c5KONSENKJERSTI BUAASTORAH BRIGHTCHLOE KIMMARK MCMORRISLAURIE BLOUINS\u00c9BASTIEN TOUTANTBROOKE VOIGTANNA GASSERAYUMU HIRANOYUKA FUJIMORISTALE","canonical_url":"https:\/\/sporthopp.com\/da\/sitemap\/","robots":"max-image-preview:large","keywords":"","webmasterTools":{"miscellaneous":""},"schema":{"@context":"https:\/\/schema.org","@graph":[{"@type":"BreadcrumbList","@id":"https:\/\/sporthopp.com\/da\/sitemap\/#breadcrumblist","itemListElement":[{"@type":"ListItem","@id":"https:\/\/sporthopp.com\/da\/#listItem","position":1,"name":"Home","item":"https:\/\/sporthopp.com\/da\/","nextItem":{"@type":"ListItem","@id":"https:\/\/sporthopp.com\/da\/sitemap\/#listItem","name":"Nettstedkart"}},{"@type":"ListItem","@id":"https:\/\/sporthopp.com\/da\/sitemap\/#listItem","position":2,"name":"Nettstedkart","previousItem":{"@type":"ListItem","@id":"https:\/\/sporthopp.com\/da\/#listItem","name":"Home"}}]},{"@type":"Organization","@id":"https:\/\/sporthopp.com\/da\/#organization","name":"Sporthopp.com","url":"https:\/\/sporthopp.com\/da\/","logo":{"@type":"ImageObject","url":"https:\/\/sporthopp.com\/wp-content\/uploads\/2026\/02\/sporthopp-logo.png","@id":"https:\/\/sporthopp.com\/da\/sitemap\/#organizationLogo","width":1119,"height":564},"image":{"@id":"https:\/\/sporthopp.com\/da\/sitemap\/#organizationLogo"},"sameAs":["https:\/\/x.com\/MarekProch97105","https:\/\/www.linkedin.com\/in\/marek-prochzka-a44875328\/"]},{"@type":"WebPage","@id":"https:\/\/sporthopp.com\/da\/sitemap\/#webpage","url":"https:\/\/sporthopp.com\/da\/sitemap\/","name":"Nettstedkart - Sporthopp.com","description":"Hjem > Nettstedkart Nettstedkart Indl\u00e6gALEXANDER ST\u00d6CKLHARALD \u00d8STBERG AMUNDSENANDREAS FJORDEN REESIMEN HEGSTAD KR\u00dcGERNORA SANNESSSILJE THEODORSENKRISTIN AUSTGULEN FOSN\u00c6SJOHANNES H\u00d8SFLOT KL\u00c6BOJAN THOMAS JENSSENKRISTINE STAV\u00c5S SKISTADANNE KJERSTI KALV\u00c5PETTER NORTHUG KJ\u00c6RESTEINGVILD FLUGSTAD \u00d8STBERGMAREN LUNDBY KJ\u00c6RESTEJAN ERIK AALBUANSGAR EVENSENOSCAR BOBB MOR\u200bFRIDA MAANUMRUBEN ALTESELMA PANENGSTUENMANUELA RIEGLERNORDISK KOMBINERTJOHANNE KILLISHAUN WHITEJAMIE ANDERSONKELLY CLARKTERJE H\u00c5KONSENKJERSTI BUAASTORAH BRIGHTCHLOE KIMMARK MCMORRISLAURIE BLOUINS\u00c9BASTIEN TOUTANTBROOKE VOIGTANNA GASSERAYUMU HIRANOYUKA FUJIMORISTALE","inLanguage":"da-DK","isPartOf":{"@id":"https:\/\/sporthopp.com\/da\/#website"},"breadcrumb":{"@id":"https:\/\/sporthopp.com\/da\/sitemap\/#breadcrumblist"},"datePublished":"2024-11-26T16:56:34+00:00","dateModified":"2026-02-16T18:06:04+00:00"},{"@type":"WebSite","@id":"https:\/\/sporthopp.com\/da\/#website","url":"https:\/\/sporthopp.com\/da\/","name":"Sporthopp.com","inLanguage":"da-DK","publisher":{"@id":"https:\/\/sporthopp.com\/da\/#organization"}}]},"og:locale":"da_DK","og:site_name":"Sporthopp.com -","og:type":"article","og:title":"Nettstedkart - Sporthopp.com","og:description":"Hjem &gt; Nettstedkart Nettstedkart Indl\u00e6gALEXANDER ST\u00d6CKLHARALD \u00d8STBERG AMUNDSENANDREAS FJORDEN REESIMEN HEGSTAD KR\u00dcGERNORA SANNESSSILJE THEODORSENKRISTIN AUSTGULEN FOSN\u00c6SJOHANNES H\u00d8SFLOT KL\u00c6BOJAN THOMAS JENSSENKRISTINE STAV\u00c5S SKISTADANNE KJERSTI KALV\u00c5PETTER NORTHUG KJ\u00c6RESTEINGVILD FLUGSTAD \u00d8STBERGMAREN LUNDBY KJ\u00c6RESTEJAN ERIK AALBUANSGAR EVENSENOSCAR BOBB MOR\u200bFRIDA MAANUMRUBEN ALTESELMA PANENGSTUENMANUELA RIEGLERNORDISK KOMBINERTJOHANNE KILLISHAUN WHITEJAMIE ANDERSONKELLY CLARKTERJE H\u00c5KONSENKJERSTI BUAASTORAH BRIGHTCHLOE KIMMARK MCMORRISLAURIE BLOUINS\u00c9BASTIEN TOUTANTBROOKE VOIGTANNA GASSERAYUMU HIRANOYUKA FUJIMORISTALE","og:url":"https:\/\/sporthopp.com\/da\/sitemap\/","og:image":"https:\/\/sporthopp.com\/wp-content\/uploads\/2026\/02\/sporthopp-logo.png","og:image:secure_url":"https:\/\/sporthopp.com\/wp-content\/uploads\/2026\/02\/sporthopp-logo.png","og:image:width":1119,"og:image:height":564,"article:published_time":"2024-11-26T16:56:34+00:00","article:modified_time":"2026-02-16T18:06:04+00:00","twitter:card":"summary_large_image","twitter:site":"@MarekProch97105","twitter:title":"Nettstedkart - Sporthopp.com","twitter:description":"Hjem &gt; Nettstedkart Nettstedkart Indl\u00e6gALEXANDER ST\u00d6CKLHARALD \u00d8STBERG AMUNDSENANDREAS FJORDEN REESIMEN HEGSTAD KR\u00dcGERNORA SANNESSSILJE THEODORSENKRISTIN AUSTGULEN FOSN\u00c6SJOHANNES H\u00d8SFLOT KL\u00c6BOJAN THOMAS JENSSENKRISTINE STAV\u00c5S SKISTADANNE KJERSTI KALV\u00c5PETTER NORTHUG KJ\u00c6RESTEINGVILD FLUGSTAD \u00d8STBERGMAREN LUNDBY KJ\u00c6RESTEJAN ERIK AALBUANSGAR EVENSENOSCAR BOBB MOR\u200bFRIDA MAANUMRUBEN ALTESELMA PANENGSTUENMANUELA RIEGLERNORDISK KOMBINERTJOHANNE KILLISHAUN WHITEJAMIE ANDERSONKELLY CLARKTERJE H\u00c5KONSENKJERSTI BUAASTORAH BRIGHTCHLOE KIMMARK MCMORRISLAURIE BLOUINS\u00c9BASTIEN TOUTANTBROOKE VOIGTANNA GASSERAYUMU HIRANOYUKA FUJIMORISTALE","twitter:creator":"@MarekProch97105","twitter:image":"https:\/\/sporthopp.com\/wp-content\/uploads\/2026\/02\/sporthopp-logo.png"},"aioseo_meta_data":{"post_id":"10562","title":null,"description":null,"keywords":null,"keyphrases":{"focus":{"keyphrase":"Mapa str\u00e1nek","score":38,"analysis":{"keyphraseInTitle":{"score":3,"maxScore":9,"error":1},"keyphraseInDescription":{"score":3,"maxScore":9,"error":1},"keyphraseLength":{"score":9,"maxScore":9,"error":0,"length":3},"keyphraseInURL":{"score":1,"maxScore":5,"error":1},"keyphraseInIntroduction":{"score":3,"maxScore":9,"error":1},"keyphraseInSubHeadings":[],"keyphraseInImageAlt":[],"keywordDensity":{"score":0,"type":"low","maxScore":9,"error":1}}},"additional":[]},"primary_term":null,"canonical_url":null,"og_title":null,"og_description":null,"og_object_type":"default","og_image_type":"default","og_image_url":null,"og_image_width":null,"og_image_height":null,"og_image_custom_url":null,"og_image_custom_fields":null,"og_video":"","og_custom_url":null,"og_article_section":null,"og_article_tags":null,"twitter_use_og":false,"twitter_card":"default","twitter_image_type":"default","twitter_image_url":null,"twitter_image_custom_url":null,"twitter_image_custom_fields":null,"twitter_title":null,"twitter_description":null,"schema":{"blockGraphs":[],"customGraphs":[],"default":{"data":{"Article":[],"Course":[],"Dataset":[],"FAQPage":[],"Movie":[],"Person":[],"Product":[],"ProductReview":[],"Car":[],"Recipe":[],"Service":[],"SoftwareApplication":[],"WebPage":[]},"graphName":"WebPage","isEnabled":true},"graphs":[]},"schema_type":"default","schema_type_options":null,"pillar_content":false,"robots_default":true,"robots_noindex":false,"robots_noarchive":false,"robots_nosnippet":false,"robots_nofollow":false,"robots_noimageindex":false,"robots_noodp":false,"robots_notranslate":false,"robots_max_snippet":"-1","robots_max_videopreview":"-1","robots_max_imagepreview":"large","priority":null,"frequency":"default","local_seo":null,"limit_modified_date":false,"reviewed_by":null,"open_ai":{"title":{"suggestions":[],"usage":0},"description":{"suggestions":[],"usage":0}},"created":"2024-11-26 16:56:34","updated":"2026-02-16 18:09:39"},"aioseo_breadcrumb":"<div class=\"aioseo-breadcrumbs\"><span class=\"aioseo-breadcrumb\">\n\t<a href=\"https:\/\/sporthopp.com\/da\" title=\"Hjem\">Hjem<\/a>\n<\/span><span class=\"aioseo-breadcrumb-separator\">&gt;<\/span><span class=\"aioseo-breadcrumb\">\n\tNettstedkart\n<\/span><\/div>","aioseo_breadcrumb_json":[{"label":"Hjem","link":"https:\/\/sporthopp.com\/da"},{"label":"Nettstedkart","link":"https:\/\/sporthopp.com\/da\/sitemap\/"}],"_links":{"self":[{"href":"https:\/\/sporthopp.com\/da\/wp-json\/wp\/v2\/pages\/10562","targetHints":{"allow":["GET"]}}],"collection":[{"href":"https:\/\/sporthopp.com\/da\/wp-json\/wp\/v2\/pages"}],"about":[{"href":"https:\/\/sporthopp.com\/da\/wp-json\/wp\/v2\/types\/page"}],"author":[{"embeddable":true,"href":"https:\/\/sporthopp.com\/da\/wp-json\/wp\/v2\/users\/1"}],"replies":[{"embeddable":true,"href":"https:\/\/sporthopp.com\/da\/wp-json\/wp\/v2\/comments?post=10562"}],"version-history":[{"count":2,"href":"https:\/\/sporthopp.com\/da\/wp-json\/wp\/v2\/pages\/10562\/revisions"}],"predecessor-version":[{"id":13012,"href":"https:\/\/sporthopp.com\/da\/wp-json\/wp\/v2\/pages\/10562\/revisions\/13012"}],"wp:attachment":[{"href":"https:\/\/sporthopp.com\/da\/wp-json\/wp\/v2\/media?parent=10562"}],"curies":[{"name":"wp","href":"https:\/\/api.w.org\/{rel}","templated":true}]}}