{"id":10316,"date":"2024-11-07T14:42:01","date_gmt":"2024-11-07T14:42:01","guid":{"rendered":"https:\/\/sporthopp.com\/?page_id=10316"},"modified":"2026-02-06T14:35:58","modified_gmt":"2026-02-06T14:35:58","slug":"cookies-til-sporthopp-com","status":"publish","type":"page","link":"https:\/\/sporthopp.com\/da\/cookies-til-sporthopp-com\/","title":{"rendered":"Cookies til Sporthopp.com"},"content":{"rendered":"<div id=\"fws_6a03b993c3a47\"  data-column-margin=\"default\" data-midnight=\"dark\"  class=\"wpb_row vc_row-fluid vc_row\"  style=\"padding-top: 0px; padding-bottom: 0px; \"><div class=\"row-bg-wrap\" data-bg-animation=\"none\" data-bg-animation-delay=\"\" data-bg-overlay=\"false\"><div class=\"inner-wrap row-bg-layer\" ><div class=\"row-bg viewport-desktop\"  style=\"\"><\/div><\/div><\/div><div class=\"row_col_wrap_12 col span_12 dark left\">\n\t<div  class=\"vc_col-sm-12 wpb_column column_container vc_column_container col no-extra-padding inherit_tablet inherit_phone\"  data-padding-pos=\"all\" data-has-bg-color=\"false\" data-bg-color=\"\" data-bg-opacity=\"1\" data-animation=\"\" data-delay=\"0\" >\n\t\t<div class=\"vc_column-inner\" >\n\t\t\t<div class=\"wpb_wrapper\">\n\t\t\t\t\n<div class=\"wpb_text_column wpb_content_element\" >\n\t<div class=\"wpb_wrapper\">\n\t\t<div class=\"aioseo-breadcrumbs\"><span class=\"aioseo-breadcrumb\">\n\tStartside\n<\/span><\/div>\n\t<\/div>\n<\/div>\n\n\n\n\n\t\t\t<\/div> \n\t\t<\/div>\n\t<\/div> \n<\/div><\/div>\n\t\t<div id=\"fws_6a03b993c4168\"  data-column-margin=\"default\" data-midnight=\"dark\"  class=\"wpb_row vc_row-fluid vc_row\"  style=\"padding-top: 0px; padding-bottom: 0px; \"><div class=\"row-bg-wrap\" data-bg-animation=\"none\" data-bg-animation-delay=\"\" data-bg-overlay=\"false\"><div class=\"inner-wrap row-bg-layer\" ><div class=\"row-bg viewport-desktop\"  style=\"\"><\/div><\/div><\/div><div class=\"row_col_wrap_12 col span_12 dark left\">\n\t<div  class=\"vc_col-sm-12 wpb_column column_container vc_column_container col no-extra-padding inherit_tablet inherit_phone\"  data-padding-pos=\"all\" data-has-bg-color=\"false\" data-bg-color=\"\" data-bg-opacity=\"1\" data-animation=\"\" data-delay=\"0\" >\n\t\t<div class=\"vc_column-inner\" >\n\t\t\t<div class=\"wpb_wrapper\">\n\t\t\t\t\n<div class=\"wpb_text_column wpb_content_element\" >\n\t<div class=\"wpb_wrapper\">\n\t\t\t<\/div>\n<\/div>\n\n\n\n\n\t\t\t<\/div> \n\t\t<\/div>\n\t<\/div> \n<\/div><\/div>\n\t\t<div id=\"fws_6a03b993c4262\"  data-column-margin=\"default\" data-midnight=\"dark\"  class=\"wpb_row vc_row-fluid vc_row\"  style=\"padding-top: 0px; padding-bottom: 0px; \"><div class=\"row-bg-wrap\" data-bg-animation=\"none\" data-bg-animation-delay=\"\" data-bg-overlay=\"false\"><div class=\"inner-wrap row-bg-layer\" ><div class=\"row-bg viewport-desktop\"  style=\"\"><\/div><\/div><\/div><div class=\"row_col_wrap_12 col span_12 dark left\">\n\t<div  class=\"vc_col-sm-12 wpb_column column_container vc_column_container col no-extra-padding inherit_tablet inherit_phone\"  data-padding-pos=\"all\" data-has-bg-color=\"false\" data-bg-color=\"\" data-bg-opacity=\"1\" data-animation=\"\" data-delay=\"0\" >\n\t\t<div class=\"vc_column-inner\" >\n\t\t\t<div class=\"wpb_wrapper\">\n\t\t\t\t\n<div class=\"wpb_text_column wpb_content_element\" >\n\t<div class=\"wpb_wrapper\">\n\t\t<p>Cookies til Sporthopp.com<\/p>\n<p>Denne cookiepolitik forklarer, hvordan Sporthopp.com bruger cookies og lignende teknologier til at genkende dig, n\u00e5r du bes\u00f8ger vores hjemmeside. Den forklarer, hvad disse teknologier er, og hvorfor vi bruger dem, samt dine rettigheder til at kontrollere brugen af dem.<\/p>\n<p>Hvad er cookies?<\/p>\n<p>En cookie er en lille tekstfil, der placeres p\u00e5 din computer eller mobilenhed, n\u00e5r du bes\u00f8ger en hjemmeside. Cookies bruges i vid udstr\u00e6kning til at f\u00e5 hjemmesider til at fungere eller til at fungere mere effektivt og til at give oplysninger til hjemmesidens ejere.<\/p>\n<p>Hvorfor bruger vi cookies?<\/p>\n<p>Vi bruger cookies af forskellige \u00e5rsager, herunder:<\/p>\n<p>N\u00f8dvendige cookies: Disse cookies er afg\u00f8rende for, at vores hjemmeside kan fungere. De giver dig mulighed for at navigere p\u00e5 webstedet og bruge dets funktioner.<\/p>\n<p>Performance-cookies: Disse cookies indsamler oplysninger om, hvordan bes\u00f8gende bruger vores hjemmeside, f.eks. hvilke sider der bes\u00f8ges oftest, og om de modtager fejlmeddelelser fra websider. Disse cookies hj\u00e6lper os med at forbedre, hvordan vores hjemmeside fungerer.<\/p>\n<p>Funktionalitetscookies: Disse cookies g\u00f8r det muligt for vores hjemmeside at huske de valg, du foretager (f.eks. sprog eller region) og levere forbedrede, mere personlige funktioner.<\/p>\n<p>Cookies til m\u00e5lretning eller annoncering: Disse cookies bruges til at levere reklamer, der er mere relevante for dig og dine interesser. De bruges ogs\u00e5 til at begr\u00e6nse antallet af gange, du ser en reklame, og hj\u00e6lper med at m\u00e5le effektiviteten af reklamekampagner.<\/p>\n<p>Hvilke typer cookies bruger vi?<\/p>\n<p>F\u00f8rstepartscookies: Dette er cookies, der indstilles direkte af Sporthopp.com-webstedet.<\/p>\n<p>Tredjepartscookies: Det er cookies, der s\u00e6ttes af et andet dom\u00e6ne end det websted, du bes\u00f8ger.<\/p>\n<p>Hvordan kan du kontrollere cookies?<\/p>\n<p>Du har ret til at beslutte, om du vil acceptere eller afvise cookies. Du kan ud\u00f8ve dine cookie-pr\u00e6ferencer ved at:<\/p>\n<p>Browserindstillinger: Du kan indstille eller \u00e6ndre din browser til at acceptere eller afvise cookies. Hvis du v\u00e6lger at afvise cookies, kan du stadig bruge vores hjemmeside, selv om din adgang til visse funktioner og omr\u00e5der p\u00e5 vores hjemmeside kan v\u00e6re begr\u00e6nset. Da den m\u00e5de, hvorp\u00e5 du kan afvise cookies via dine browserindstillinger, varierer fra browser til browser, b\u00f8r du se i din browsers hj\u00e6lpemenu for at f\u00e5 flere oplysninger.<\/p>\n<p>Specifikke v\u00e6rkt\u00f8jer til at frav\u00e6lge cookies: For nogle tredjepartscookies kan vi tilbyde specifikke v\u00e6rkt\u00f8jer til at frav\u00e6lge cookies.<\/p>\n<p>Opdateringer til denne cookiepolitik<\/p>\n<p>Vi kan opdatere denne cookiepolitik fra tid til anden for at afspejle f.eks. \u00e6ndringer i de cookies, vi bruger, eller af andre driftsm\u00e6ssige, juridiske eller lovgivningsm\u00e6ssige \u00e5rsager. Bes\u00f8g venligst denne cookiepolitik regelm\u00e6ssigt for at holde dig informeret om vores brug af cookies og relaterede teknologier.<\/p>\n<p>Hvor kan du f\u00e5 mere information?<\/p>\n<p>Hvis du har sp\u00f8rgsm\u00e5l om vores brug af cookies eller andre teknologier, er du velkommen til at kontakte os.<\/p>\n\t<\/div>\n<\/div>\n\n\n\n\n\t\t\t<\/div> \n\t\t<\/div>\n\t<\/div> \n<\/div><\/div>","protected":false},"excerpt":{"rendered":"Hjem Informasjonskapsler for Sporthopp.com Denne informasjonskapselpolicyen forklarer hvordan Sporthopp.com bruker informasjonskapsler og lignende teknologier for \u00e5 gjenkjenne deg n\u00e5r du bes\u00f8ker nettstedet v\u00e5rt. Den forklarer hva disse teknologiene er og hvorfor vi bruker dem, samt dine rettigheter til \u00e5 kontrollere...","protected":false},"author":7,"featured_media":0,"parent":0,"menu_order":0,"comment_status":"closed","ping_status":"closed","template":"","meta":{"_acf_changed":false,"inline_featured_image":false,"_glsr_average":0,"_glsr_ranking":0,"_glsr_reviews":0,"footnotes":""},"class_list":["post-10316","page","type-page","status-publish"],"acf":[],"aioseo_notices":[],"aioseo_head":"\n\t\t<!-- All in One SEO Pro 4.8.1.1 - aioseo.com -->\n\t<meta name=\"description\" content=\"Les Sporthopp.coms retningslinjer for informasjonskapsler for \u00e5 forst\u00e5 hvordan vi bruker informasjonskapsler for \u00e5 forbedre opplevelsen din og beskytte personvernet ditt. Full \u00e5penhet og sikkerhet!\" \/>\n\t<meta name=\"robots\" content=\"max-image-preview:large\" \/>\n\t<link rel=\"canonical\" href=\"https:\/\/sporthopp.com\/da\/cookies-til-sporthopp-com\/\" \/>\n\t<meta name=\"generator\" content=\"All in One SEO Pro (AIOSEO) 4.8.1.1\" \/>\n\t\t<meta property=\"og:locale\" content=\"da_DK\" \/>\n\t\t<meta property=\"og:site_name\" content=\"Sporthopp.com -\" \/>\n\t\t<meta property=\"og:type\" content=\"website\" \/>\n\t\t<meta property=\"og:title\" content=\"Informasjonskapsler \u2013 Sporthopp.com: Sikkerhet og \u00e5penhet\" \/>\n\t\t<meta property=\"og:description\" content=\"Les Sporthopp.coms retningslinjer for informasjonskapsler for \u00e5 forst\u00e5 hvordan vi bruker informasjonskapsler for \u00e5 forbedre opplevelsen din og beskytte personvernet ditt. Full \u00e5penhet og sikkerhet!\" \/>\n\t\t<meta property=\"og:url\" content=\"https:\/\/sporthopp.com\/da\/cookies-til-sporthopp-com\/\" \/>\n\t\t<meta property=\"og:image\" content=\"https:\/\/sporthopp.com\/wp-content\/uploads\/2026\/02\/sporthopp-logo.png\" \/>\n\t\t<meta property=\"og:image:secure_url\" content=\"https:\/\/sporthopp.com\/wp-content\/uploads\/2026\/02\/sporthopp-logo.png\" \/>\n\t\t<meta property=\"og:image:width\" content=\"1119\" \/>\n\t\t<meta property=\"og:image:height\" content=\"564\" \/>\n\t\t<meta name=\"twitter:card\" content=\"summary_large_image\" \/>\n\t\t<meta name=\"twitter:site\" content=\"@MarekProch97105\" \/>\n\t\t<meta name=\"twitter:title\" content=\"Informasjonskapsler \u2013 Sporthopp.com: Sikkerhet og \u00e5penhet\" \/>\n\t\t<meta name=\"twitter:description\" content=\"Les Sporthopp.coms retningslinjer for informasjonskapsler for \u00e5 forst\u00e5 hvordan vi bruker informasjonskapsler for \u00e5 forbedre opplevelsen din og beskytte personvernet ditt. Full \u00e5penhet og sikkerhet!\" \/>\n\t\t<meta name=\"twitter:creator\" content=\"@MarekProch97105\" \/>\n\t\t<meta name=\"twitter:image\" content=\"https:\/\/sporthopp.com\/wp-content\/uploads\/2026\/02\/sporthopp-logo.png\" \/>\n\t\t<script type=\"application\/ld+json\" class=\"aioseo-schema\">\n\t\t\t{\"@context\":\"https:\\\/\\\/schema.org\",\"@graph\":[{\"@type\":\"BreadcrumbList\",\"@id\":\"https:\\\/\\\/sporthopp.com\\\/da\\\/cookies-til-sporthopp-com\\\/#breadcrumblist\",\"itemListElement\":[{\"@type\":\"ListItem\",\"@id\":\"https:\\\/\\\/sporthopp.com\\\/da\\\/#listItem\",\"position\":1,\"name\":\"Home\",\"item\":\"https:\\\/\\\/sporthopp.com\\\/da\\\/\",\"nextItem\":{\"@type\":\"ListItem\",\"@id\":\"https:\\\/\\\/sporthopp.com\\\/da\\\/cookies-til-sporthopp-com\\\/#listItem\",\"name\":\"Informasjonskapsler for Sporthopp.com\"}},{\"@type\":\"ListItem\",\"@id\":\"https:\\\/\\\/sporthopp.com\\\/da\\\/cookies-til-sporthopp-com\\\/#listItem\",\"position\":2,\"name\":\"Informasjonskapsler for Sporthopp.com\",\"previousItem\":{\"@type\":\"ListItem\",\"@id\":\"https:\\\/\\\/sporthopp.com\\\/da\\\/#listItem\",\"name\":\"Home\"}}]},{\"@type\":\"Organization\",\"@id\":\"https:\\\/\\\/sporthopp.com\\\/da\\\/#organization\",\"name\":\"Sporthopp.com\",\"url\":\"https:\\\/\\\/sporthopp.com\\\/da\\\/\",\"logo\":{\"@type\":\"ImageObject\",\"url\":\"https:\\\/\\\/sporthopp.com\\\/wp-content\\\/uploads\\\/2026\\\/02\\\/sporthopp-logo.png\",\"@id\":\"https:\\\/\\\/sporthopp.com\\\/da\\\/cookies-til-sporthopp-com\\\/#organizationLogo\",\"width\":1119,\"height\":564},\"image\":{\"@id\":\"https:\\\/\\\/sporthopp.com\\\/da\\\/cookies-til-sporthopp-com\\\/#organizationLogo\"},\"sameAs\":[\"https:\\\/\\\/x.com\\\/MarekProch97105\",\"https:\\\/\\\/www.linkedin.com\\\/in\\\/marek-prochzka-a44875328\\\/\"]},{\"@type\":\"WebPage\",\"@id\":\"https:\\\/\\\/sporthopp.com\\\/da\\\/cookies-til-sporthopp-com\\\/#webpage\",\"url\":\"https:\\\/\\\/sporthopp.com\\\/da\\\/cookies-til-sporthopp-com\\\/\",\"name\":\"Informasjonskapsler \\u2013 Sporthopp.com: Sikkerhet og \\u00e5penhet\",\"description\":\"Les Sporthopp.coms retningslinjer for informasjonskapsler for \\u00e5 forst\\u00e5 hvordan vi bruker informasjonskapsler for \\u00e5 forbedre opplevelsen din og beskytte personvernet ditt. Full \\u00e5penhet og sikkerhet!\",\"inLanguage\":\"da-DK\",\"isPartOf\":{\"@id\":\"https:\\\/\\\/sporthopp.com\\\/da\\\/#website\"},\"breadcrumb\":{\"@id\":\"https:\\\/\\\/sporthopp.com\\\/da\\\/cookies-til-sporthopp-com\\\/#breadcrumblist\"},\"datePublished\":\"2024-11-07T14:42:01+00:00\",\"dateModified\":\"2026-02-06T14:35:58+00:00\"},{\"@type\":\"WebSite\",\"@id\":\"https:\\\/\\\/sporthopp.com\\\/da\\\/#website\",\"url\":\"https:\\\/\\\/sporthopp.com\\\/da\\\/\",\"name\":\"Sporthopp.com\",\"inLanguage\":\"da-DK\",\"publisher\":{\"@id\":\"https:\\\/\\\/sporthopp.com\\\/da\\\/#organization\"}}]}\n\t\t<\/script>\n\t\t<!-- All in One SEO Pro -->\r\n\t\t<title>Informasjonskapsler \u2013 Sporthopp.com: Sikkerhet og \u00e5penhet<\/title>\n\n","aioseo_head_json":{"title":"Cookies - Sporthopp.com: Sikkerhed og gennemsigtighed","description":"L\u00e6s Sporthopp.com's cookiepolitik for at forst\u00e5, hvordan vi bruger cookies til at forbedre din oplevelse og beskytte dit privatliv. Fuld gennemsigtighed og sikkerhed!","canonical_url":"https:\/\/sporthopp.com\/da\/cookies-til-sporthopp-com\/","robots":"max-image-preview:large","keywords":"","webmasterTools":{"miscellaneous":""},"schema":{"@context":"https:\/\/schema.org","@graph":[{"@type":"BreadcrumbList","@id":"https:\/\/sporthopp.com\/da\/cookies-til-sporthopp-com\/#breadcrumblist","itemListElement":[{"@type":"ListItem","@id":"https:\/\/sporthopp.com\/da\/#listItem","position":1,"name":"Home","item":"https:\/\/sporthopp.com\/da\/","nextItem":{"@type":"ListItem","@id":"https:\/\/sporthopp.com\/da\/cookies-til-sporthopp-com\/#listItem","name":"Informasjonskapsler for Sporthopp.com"}},{"@type":"ListItem","@id":"https:\/\/sporthopp.com\/da\/cookies-til-sporthopp-com\/#listItem","position":2,"name":"Informasjonskapsler for Sporthopp.com","previousItem":{"@type":"ListItem","@id":"https:\/\/sporthopp.com\/da\/#listItem","name":"Home"}}]},{"@type":"Organization","@id":"https:\/\/sporthopp.com\/da\/#organization","name":"Sporthopp.com","url":"https:\/\/sporthopp.com\/da\/","logo":{"@type":"ImageObject","url":"https:\/\/sporthopp.com\/wp-content\/uploads\/2026\/02\/sporthopp-logo.png","@id":"https:\/\/sporthopp.com\/da\/cookies-til-sporthopp-com\/#organizationLogo","width":1119,"height":564},"image":{"@id":"https:\/\/sporthopp.com\/da\/cookies-til-sporthopp-com\/#organizationLogo"},"sameAs":["https:\/\/x.com\/MarekProch97105","https:\/\/www.linkedin.com\/in\/marek-prochzka-a44875328\/"]},{"@type":"WebPage","@id":"https:\/\/sporthopp.com\/da\/cookies-til-sporthopp-com\/#webpage","url":"https:\/\/sporthopp.com\/da\/cookies-til-sporthopp-com\/","name":"Informasjonskapsler \u2013 Sporthopp.com: Sikkerhet og \u00e5penhet","description":"Les Sporthopp.coms retningslinjer for informasjonskapsler for \u00e5 forst\u00e5 hvordan vi bruker informasjonskapsler for \u00e5 forbedre opplevelsen din og beskytte personvernet ditt. Full \u00e5penhet og sikkerhet!","inLanguage":"da-DK","isPartOf":{"@id":"https:\/\/sporthopp.com\/da\/#website"},"breadcrumb":{"@id":"https:\/\/sporthopp.com\/da\/cookies-til-sporthopp-com\/#breadcrumblist"},"datePublished":"2024-11-07T14:42:01+00:00","dateModified":"2026-02-06T14:35:58+00:00"},{"@type":"WebSite","@id":"https:\/\/sporthopp.com\/da\/#website","url":"https:\/\/sporthopp.com\/da\/","name":"Sporthopp.com","inLanguage":"da-DK","publisher":{"@id":"https:\/\/sporthopp.com\/da\/#organization"}}]},"og:locale":"da_DK","og:site_name":"Sporthopp.com -","og:type":"website","og:title":"Informasjonskapsler \u2013 Sporthopp.com: Sikkerhet og \u00e5penhet","og:description":"Les Sporthopp.coms retningslinjer for informasjonskapsler for \u00e5 forst\u00e5 hvordan vi bruker informasjonskapsler for \u00e5 forbedre opplevelsen din og beskytte personvernet ditt. Full \u00e5penhet og sikkerhet!","og:url":"https:\/\/sporthopp.com\/da\/cookies-til-sporthopp-com\/","og:image":"https:\/\/sporthopp.com\/wp-content\/uploads\/2026\/02\/sporthopp-logo.png","og:image:secure_url":"https:\/\/sporthopp.com\/wp-content\/uploads\/2026\/02\/sporthopp-logo.png","og:image:width":1119,"og:image:height":564,"twitter:card":"summary_large_image","twitter:site":"@MarekProch97105","twitter:title":"Informasjonskapsler \u2013 Sporthopp.com: Sikkerhet og \u00e5penhet","twitter:description":"Les Sporthopp.coms retningslinjer for informasjonskapsler for \u00e5 forst\u00e5 hvordan vi bruker informasjonskapsler for \u00e5 forbedre opplevelsen din og beskytte personvernet ditt. Full \u00e5penhet og sikkerhet!","twitter:creator":"@MarekProch97105","twitter:image":"https:\/\/sporthopp.com\/wp-content\/uploads\/2026\/02\/sporthopp-logo.png"},"aioseo_meta_data":{"post_id":"10316","title":"Cookies - Sporthopp.com: Sikkerhed og gennemsigtighed","description":"L\u00e6s Sporthopp.com's cookiepolitik for at forst\u00e5, hvordan vi bruger cookies til at forbedre din oplevelse og beskytte dit privatliv. Fuld gennemsigtighed og sikkerhed!","keywords":null,"keyphrases":{"focus":{"keyphrase":"Cookiepolicy","score":38,"analysis":{"keyphraseInTitle":{"score":3,"maxScore":9,"error":1},"keyphraseInDescription":{"score":3,"maxScore":9,"error":1},"keyphraseLength":{"score":9,"maxScore":9,"error":0,"length":1},"keyphraseInURL":{"score":1,"maxScore":5,"error":1},"keyphraseInIntroduction":{"score":3,"maxScore":9,"error":1},"keyphraseInSubHeadings":[],"keyphraseInImageAlt":[],"keywordDensity":{"score":0,"type":"low","maxScore":9,"error":1}}},"additional":[]},"primary_term":null,"canonical_url":null,"og_title":null,"og_description":null,"og_object_type":"website","og_image_type":"default","og_image_url":null,"og_image_width":null,"og_image_height":null,"og_image_custom_url":null,"og_image_custom_fields":null,"og_video":"","og_custom_url":null,"og_article_section":null,"og_article_tags":null,"twitter_use_og":false,"twitter_card":"default","twitter_image_type":"default","twitter_image_url":null,"twitter_image_custom_url":null,"twitter_image_custom_fields":null,"twitter_title":null,"twitter_description":null,"schema":{"blockGraphs":[],"customGraphs":[],"default":{"data":{"Article":[],"Course":[],"Dataset":[],"FAQPage":[],"Movie":[],"Person":[],"Product":[],"ProductReview":[],"Car":[],"Recipe":[],"Service":[],"SoftwareApplication":[],"WebPage":[]},"graphName":"WebPage","isEnabled":true},"graphs":[]},"schema_type":"default","schema_type_options":null,"pillar_content":false,"robots_default":true,"robots_noindex":false,"robots_noarchive":false,"robots_nosnippet":false,"robots_nofollow":false,"robots_noimageindex":false,"robots_noodp":false,"robots_notranslate":false,"robots_max_snippet":"-1","robots_max_videopreview":"-1","robots_max_imagepreview":"large","priority":null,"frequency":"default","local_seo":null,"limit_modified_date":false,"reviewed_by":null,"open_ai":{"title":{"suggestions":[],"usage":0},"description":{"suggestions":[],"usage":0}},"created":"2024-11-07 14:34:36","updated":"2026-02-06 14:36:29"},"aioseo_breadcrumb":"<div class=\"aioseo-breadcrumbs\"><span class=\"aioseo-breadcrumb\">\n\t<a href=\"https:\/\/sporthopp.com\/da\" title=\"Hjem\">Hjem<\/a>\n<\/span><span class=\"aioseo-breadcrumb-separator\">&gt;<\/span><span class=\"aioseo-breadcrumb\">\n\tInformasjonskapsler for Sporthopp.com\n<\/span><\/div>","aioseo_breadcrumb_json":[{"label":"Hjem","link":"https:\/\/sporthopp.com\/da"},{"label":"Informasjonskapsler for Sporthopp.com","link":"https:\/\/sporthopp.com\/da\/cookies-til-sporthopp-com\/"}],"_links":{"self":[{"href":"https:\/\/sporthopp.com\/da\/wp-json\/wp\/v2\/pages\/10316","targetHints":{"allow":["GET"]}}],"collection":[{"href":"https:\/\/sporthopp.com\/da\/wp-json\/wp\/v2\/pages"}],"about":[{"href":"https:\/\/sporthopp.com\/da\/wp-json\/wp\/v2\/types\/page"}],"author":[{"embeddable":true,"href":"https:\/\/sporthopp.com\/da\/wp-json\/wp\/v2\/users\/7"}],"replies":[{"embeddable":true,"href":"https:\/\/sporthopp.com\/da\/wp-json\/wp\/v2\/comments?post=10316"}],"version-history":[{"count":3,"href":"https:\/\/sporthopp.com\/da\/wp-json\/wp\/v2\/pages\/10316\/revisions"}],"predecessor-version":[{"id":13006,"href":"https:\/\/sporthopp.com\/da\/wp-json\/wp\/v2\/pages\/10316\/revisions\/13006"}],"wp:attachment":[{"href":"https:\/\/sporthopp.com\/da\/wp-json\/wp\/v2\/media?parent=10316"}],"curies":[{"name":"wp","href":"https:\/\/api.w.org\/{rel}","templated":true}]}}