{"id":10310,"date":"2024-11-07T14:27:37","date_gmt":"2024-11-07T14:27:37","guid":{"rendered":"https:\/\/sporthopp.com\/?page_id=10310"},"modified":"2026-03-24T10:04:08","modified_gmt":"2026-03-24T10:04:08","slug":"kontakt","status":"publish","type":"page","link":"https:\/\/sporthopp.com\/da\/kontakt\/","title":{"rendered":"Kontakt os"},"content":{"rendered":"<div id=\"fws_6a03b86a0ba57\"  data-column-margin=\"default\" data-midnight=\"dark\"  class=\"wpb_row vc_row-fluid vc_row\"  style=\"padding-top: 0px; padding-bottom: 0px; \"><div class=\"row-bg-wrap\" data-bg-animation=\"none\" data-bg-animation-delay=\"\" data-bg-overlay=\"false\"><div class=\"inner-wrap row-bg-layer\" ><div class=\"row-bg viewport-desktop\"  style=\"\"><\/div><\/div><\/div><div class=\"row_col_wrap_12 col span_12 dark left\">\n\t<div  class=\"vc_col-sm-12 wpb_column column_container vc_column_container col no-extra-padding inherit_tablet inherit_phone\"  data-padding-pos=\"all\" data-has-bg-color=\"false\" data-bg-color=\"\" data-bg-opacity=\"1\" data-animation=\"\" data-delay=\"0\" >\n\t\t<div class=\"vc_column-inner\" >\n\t\t\t<div class=\"wpb_wrapper\">\n\t\t\t\t\n<div class=\"wpb_text_column wpb_content_element\" >\n\t<div class=\"wpb_wrapper\">\n\t\t<div class=\"aioseo-breadcrumbs\"><span class=\"aioseo-breadcrumb\">\n\tStartside\n<\/span><\/div>\n\t<\/div>\n<\/div>\n\n\n\n\n\t\t\t<\/div> \n\t\t<\/div>\n\t<\/div> \n<\/div><\/div>\n\t\t<div id=\"fws_6a03b86a0c280\"  data-column-margin=\"default\" data-midnight=\"dark\"  class=\"wpb_row vc_row-fluid vc_row\"  style=\"padding-top: 0px; padding-bottom: 0px; \"><div class=\"row-bg-wrap\" data-bg-animation=\"none\" data-bg-animation-delay=\"\" data-bg-overlay=\"false\"><div class=\"inner-wrap row-bg-layer\" ><div class=\"row-bg viewport-desktop\"  style=\"\"><\/div><\/div><\/div><div class=\"row_col_wrap_12 col span_12 dark left\">\n\t<div  class=\"vc_col-sm-12 wpb_column column_container vc_column_container col no-extra-padding inherit_tablet inherit_phone\"  data-padding-pos=\"all\" data-has-bg-color=\"false\" data-bg-color=\"\" data-bg-opacity=\"1\" data-animation=\"\" data-delay=\"0\" >\n\t\t<div class=\"vc_column-inner\" >\n\t\t\t<div class=\"wpb_wrapper\">\n\t\t\t\t\n<div class=\"wpb_text_column wpb_content_element\" >\n\t<div class=\"wpb_wrapper\">\n\t\t\t<\/div>\n<\/div>\n\n\n\n\n\t\t\t<\/div> \n\t\t<\/div>\n\t<\/div> \n<\/div><\/div>\n\t\t<div id=\"fws_6a03b86a0c39b\"  data-column-margin=\"default\" data-midnight=\"dark\"  class=\"wpb_row vc_row-fluid vc_row\"  style=\"padding-top: 0px; padding-bottom: 0px; \"><div class=\"row-bg-wrap\" data-bg-animation=\"none\" data-bg-animation-delay=\"\" data-bg-overlay=\"false\"><div class=\"inner-wrap row-bg-layer\" ><div class=\"row-bg viewport-desktop\"  style=\"\"><\/div><\/div><\/div><div class=\"row_col_wrap_12 col span_12 dark left\">\n\t<div  class=\"vc_col-sm-12 wpb_column column_container vc_column_container col no-extra-padding inherit_tablet inherit_phone\"  data-padding-pos=\"all\" data-has-bg-color=\"false\" data-bg-color=\"\" data-bg-opacity=\"1\" data-animation=\"\" data-delay=\"0\" >\n\t\t<div class=\"vc_column-inner\" >\n\t\t\t<div class=\"wpb_wrapper\">\n\t\t\t\t\n<div class=\"wpb_text_column wpb_content_element\" >\n\t<div class=\"wpb_wrapper\">\n\t\t<p><strong>Hvis du er interesseret i et samarbejde, kan du kontakte os p\u00e5 letswork@upfront24.com<\/strong><\/p>\n<p>\u00c5bningstider for kundesupport:<br \/>\nMandag - fredag: 09:00 - 17:00<br \/>\nL\u00f8rdag - s\u00f8ndag: Lukket<\/p>\n<p>Vi bestr\u00e6ber os p\u00e5 at besvare alle henvendelser inden for 24 timer p\u00e5 hverdage.<\/p>\n<p>F\u00f8lg os p\u00e5 de sociale medier:<br \/>\nHold dig opdateret med de seneste nyheder, sportsanmeldelser og begivenheder ved at f\u00f8lge os p\u00e5 vores sociale kanaler.<\/p>\n<p>Har du et specifikt sp\u00f8rgsm\u00e5l?<\/p>\n<p>Se vores FAQ-side, hvor vi har samlet svar p\u00e5 de mest almindelige sp\u00f8rgsm\u00e5l.<\/p>\n<p>Vi ser frem til at h\u00f8re fra dig!<\/p>\n\t<\/div>\n<\/div>\n\n\n\n\n\t\t\t<\/div> \n\t\t<\/div>\n\t<\/div> \n<\/div><\/div>","protected":false},"excerpt":{"rendered":"Hjem Hvis du er interessert i et samarbeid, kan du kontakte oss p\u00e5 letswork@upfront24.com \u00c5pningstider for kundest\u00f8tte: Mandag - fredag: 09:00 - 17:00 L\u00f8rdag - s\u00f8ndag: Stengt Vi har som m\u00e5l \u00e5 svare p\u00e5 alle henvendelser innen 24 timer p\u00e5...","protected":false},"author":7,"featured_media":0,"parent":0,"menu_order":0,"comment_status":"closed","ping_status":"closed","template":"","meta":{"_acf_changed":false,"inline_featured_image":false,"_glsr_average":0,"_glsr_ranking":0,"_glsr_reviews":0,"footnotes":""},"class_list":["post-10310","page","type-page","status-publish"],"acf":[],"aioseo_notices":[],"aioseo_head":"\n\t\t<!-- All in One SEO Pro 4.8.1.1 - aioseo.com -->\n\t<meta name=\"description\" content=\"F\u00e5 hjelp fra Sporthopp.com sin kundest\u00f8tte. Kontakt oss for samarbeid eller sp\u00f8rsm\u00e5l, vi svarer innen 24 timer p\u00e5 hverdager \u2013 se ogs\u00e5 FAQ og f\u00f8lg oss i sosiale medier.\" \/>\n\t<meta name=\"robots\" content=\"max-image-preview:large\" \/>\n\t<link rel=\"canonical\" href=\"https:\/\/sporthopp.com\/da\/kontakt\/\" \/>\n\t<meta name=\"generator\" content=\"All in One SEO Pro (AIOSEO) 4.8.1.1\" \/>\n\t\t<meta property=\"og:locale\" content=\"da_DK\" \/>\n\t\t<meta property=\"og:site_name\" content=\"Sporthopp.com -\" \/>\n\t\t<meta property=\"og:type\" content=\"website\" \/>\n\t\t<meta property=\"og:title\" content=\"Kontakt - Sporthopp.com\" \/>\n\t\t<meta property=\"og:description\" content=\"F\u00e5 hjelp fra Sporthopp.com sin kundest\u00f8tte. Kontakt oss for samarbeid eller sp\u00f8rsm\u00e5l, vi svarer innen 24 timer p\u00e5 hverdager \u2013 se ogs\u00e5 FAQ og f\u00f8lg oss i sosiale medier.\" \/>\n\t\t<meta property=\"og:url\" content=\"https:\/\/sporthopp.com\/da\/kontakt\/\" \/>\n\t\t<meta property=\"og:image\" content=\"https:\/\/sporthopp.com\/wp-content\/uploads\/2026\/02\/sporthopp-logo.png\" \/>\n\t\t<meta property=\"og:image:secure_url\" content=\"https:\/\/sporthopp.com\/wp-content\/uploads\/2026\/02\/sporthopp-logo.png\" \/>\n\t\t<meta property=\"og:image:width\" content=\"1119\" \/>\n\t\t<meta property=\"og:image:height\" content=\"564\" \/>\n\t\t<meta name=\"twitter:card\" content=\"summary_large_image\" \/>\n\t\t<meta name=\"twitter:site\" content=\"@MarekProch97105\" \/>\n\t\t<meta name=\"twitter:title\" content=\"Kontakt - Sporthopp.com\" \/>\n\t\t<meta name=\"twitter:description\" content=\"F\u00e5 hjelp fra Sporthopp.com sin kundest\u00f8tte. Kontakt oss for samarbeid eller sp\u00f8rsm\u00e5l, vi svarer innen 24 timer p\u00e5 hverdager \u2013 se ogs\u00e5 FAQ og f\u00f8lg oss i sosiale medier.\" \/>\n\t\t<meta name=\"twitter:creator\" content=\"@MarekProch97105\" \/>\n\t\t<meta name=\"twitter:image\" content=\"https:\/\/sporthopp.com\/wp-content\/uploads\/2026\/02\/sporthopp-logo.png\" \/>\n\t\t<script type=\"application\/ld+json\" class=\"aioseo-schema\">\n\t\t\t{\"@context\":\"https:\\\/\\\/schema.org\",\"@graph\":[{\"@type\":\"BreadcrumbList\",\"@id\":\"https:\\\/\\\/sporthopp.com\\\/da\\\/kontakt\\\/#breadcrumblist\",\"itemListElement\":[{\"@type\":\"ListItem\",\"@id\":\"https:\\\/\\\/sporthopp.com\\\/da\\\/#listItem\",\"position\":1,\"name\":\"Home\",\"item\":\"https:\\\/\\\/sporthopp.com\\\/da\\\/\",\"nextItem\":{\"@type\":\"ListItem\",\"@id\":\"https:\\\/\\\/sporthopp.com\\\/da\\\/kontakt\\\/#listItem\",\"name\":\"Kontakt\"}},{\"@type\":\"ListItem\",\"@id\":\"https:\\\/\\\/sporthopp.com\\\/da\\\/kontakt\\\/#listItem\",\"position\":2,\"name\":\"Kontakt\",\"previousItem\":{\"@type\":\"ListItem\",\"@id\":\"https:\\\/\\\/sporthopp.com\\\/da\\\/#listItem\",\"name\":\"Home\"}}]},{\"@type\":\"Organization\",\"@id\":\"https:\\\/\\\/sporthopp.com\\\/da\\\/#organization\",\"name\":\"Sporthopp.com\",\"url\":\"https:\\\/\\\/sporthopp.com\\\/da\\\/\",\"logo\":{\"@type\":\"ImageObject\",\"url\":\"https:\\\/\\\/sporthopp.com\\\/wp-content\\\/uploads\\\/2026\\\/02\\\/sporthopp-logo.png\",\"@id\":\"https:\\\/\\\/sporthopp.com\\\/da\\\/kontakt\\\/#organizationLogo\",\"width\":1119,\"height\":564},\"image\":{\"@id\":\"https:\\\/\\\/sporthopp.com\\\/da\\\/kontakt\\\/#organizationLogo\"},\"sameAs\":[\"https:\\\/\\\/x.com\\\/MarekProch97105\",\"https:\\\/\\\/www.linkedin.com\\\/in\\\/marek-prochzka-a44875328\\\/\"]},{\"@type\":\"WebPage\",\"@id\":\"https:\\\/\\\/sporthopp.com\\\/da\\\/kontakt\\\/#webpage\",\"url\":\"https:\\\/\\\/sporthopp.com\\\/da\\\/kontakt\\\/\",\"name\":\"Kontakt - Sporthopp.com\",\"description\":\"F\\u00e5 hjelp fra Sporthopp.com sin kundest\\u00f8tte. Kontakt oss for samarbeid eller sp\\u00f8rsm\\u00e5l, vi svarer innen 24 timer p\\u00e5 hverdager \\u2013 se ogs\\u00e5 FAQ og f\\u00f8lg oss i sosiale medier.\",\"inLanguage\":\"da-DK\",\"isPartOf\":{\"@id\":\"https:\\\/\\\/sporthopp.com\\\/da\\\/#website\"},\"breadcrumb\":{\"@id\":\"https:\\\/\\\/sporthopp.com\\\/da\\\/kontakt\\\/#breadcrumblist\"},\"datePublished\":\"2024-11-07T14:27:37+00:00\",\"dateModified\":\"2026-03-24T10:04:08+00:00\"},{\"@type\":\"WebSite\",\"@id\":\"https:\\\/\\\/sporthopp.com\\\/da\\\/#website\",\"url\":\"https:\\\/\\\/sporthopp.com\\\/da\\\/\",\"name\":\"Sporthopp.com\",\"inLanguage\":\"da-DK\",\"publisher\":{\"@id\":\"https:\\\/\\\/sporthopp.com\\\/da\\\/#organization\"}}]}\n\t\t<\/script>\n\t\t<!-- All in One SEO Pro -->\r\n\t\t<title>Kontakt - Sporthopp.com<\/title>\n\n","aioseo_head_json":{"title":"Kontakt os - Sporthopp.com","description":"F\u00e5 hj\u00e6lp fra Sporthopp.com's kundesupport. Kontakt os for samarbejde eller sp\u00f8rgsm\u00e5l, vi svarer inden for 24 timer p\u00e5 hverdage - se ogs\u00e5 FAQ og f\u00f8lg os p\u00e5 de sociale medier.","canonical_url":"https:\/\/sporthopp.com\/da\/kontakt\/","robots":"max-image-preview:large","keywords":"","webmasterTools":{"miscellaneous":""},"schema":{"@context":"https:\/\/schema.org","@graph":[{"@type":"BreadcrumbList","@id":"https:\/\/sporthopp.com\/da\/kontakt\/#breadcrumblist","itemListElement":[{"@type":"ListItem","@id":"https:\/\/sporthopp.com\/da\/#listItem","position":1,"name":"Home","item":"https:\/\/sporthopp.com\/da\/","nextItem":{"@type":"ListItem","@id":"https:\/\/sporthopp.com\/da\/kontakt\/#listItem","name":"Kontakt"}},{"@type":"ListItem","@id":"https:\/\/sporthopp.com\/da\/kontakt\/#listItem","position":2,"name":"Kontakt","previousItem":{"@type":"ListItem","@id":"https:\/\/sporthopp.com\/da\/#listItem","name":"Home"}}]},{"@type":"Organization","@id":"https:\/\/sporthopp.com\/da\/#organization","name":"Sporthopp.com","url":"https:\/\/sporthopp.com\/da\/","logo":{"@type":"ImageObject","url":"https:\/\/sporthopp.com\/wp-content\/uploads\/2026\/02\/sporthopp-logo.png","@id":"https:\/\/sporthopp.com\/da\/kontakt\/#organizationLogo","width":1119,"height":564},"image":{"@id":"https:\/\/sporthopp.com\/da\/kontakt\/#organizationLogo"},"sameAs":["https:\/\/x.com\/MarekProch97105","https:\/\/www.linkedin.com\/in\/marek-prochzka-a44875328\/"]},{"@type":"WebPage","@id":"https:\/\/sporthopp.com\/da\/kontakt\/#webpage","url":"https:\/\/sporthopp.com\/da\/kontakt\/","name":"Kontakt - Sporthopp.com","description":"F\u00e5 hjelp fra Sporthopp.com sin kundest\u00f8tte. Kontakt oss for samarbeid eller sp\u00f8rsm\u00e5l, vi svarer innen 24 timer p\u00e5 hverdager \u2013 se ogs\u00e5 FAQ og f\u00f8lg oss i sosiale medier.","inLanguage":"da-DK","isPartOf":{"@id":"https:\/\/sporthopp.com\/da\/#website"},"breadcrumb":{"@id":"https:\/\/sporthopp.com\/da\/kontakt\/#breadcrumblist"},"datePublished":"2024-11-07T14:27:37+00:00","dateModified":"2026-03-24T10:04:08+00:00"},{"@type":"WebSite","@id":"https:\/\/sporthopp.com\/da\/#website","url":"https:\/\/sporthopp.com\/da\/","name":"Sporthopp.com","inLanguage":"da-DK","publisher":{"@id":"https:\/\/sporthopp.com\/da\/#organization"}}]},"og:locale":"da_DK","og:site_name":"Sporthopp.com -","og:type":"website","og:title":"Kontakt - Sporthopp.com","og:description":"F\u00e5 hjelp fra Sporthopp.com sin kundest\u00f8tte. Kontakt oss for samarbeid eller sp\u00f8rsm\u00e5l, vi svarer innen 24 timer p\u00e5 hverdager \u2013 se ogs\u00e5 FAQ og f\u00f8lg oss i sosiale medier.","og:url":"https:\/\/sporthopp.com\/da\/kontakt\/","og:image":"https:\/\/sporthopp.com\/wp-content\/uploads\/2026\/02\/sporthopp-logo.png","og:image:secure_url":"https:\/\/sporthopp.com\/wp-content\/uploads\/2026\/02\/sporthopp-logo.png","og:image:width":1119,"og:image:height":564,"twitter:card":"summary_large_image","twitter:site":"@MarekProch97105","twitter:title":"Kontakt - Sporthopp.com","twitter:description":"F\u00e5 hjelp fra Sporthopp.com sin kundest\u00f8tte. Kontakt oss for samarbeid eller sp\u00f8rsm\u00e5l, vi svarer innen 24 timer p\u00e5 hverdager \u2013 se ogs\u00e5 FAQ og f\u00f8lg oss i sosiale medier.","twitter:creator":"@MarekProch97105","twitter:image":"https:\/\/sporthopp.com\/wp-content\/uploads\/2026\/02\/sporthopp-logo.png"},"aioseo_meta_data":{"post_id":"10310","title":null,"description":"F\u00e5 hj\u00e6lp fra Sporthopp.com's kundesupport. Kontakt os for samarbejde eller sp\u00f8rgsm\u00e5l, vi svarer inden for 24 timer p\u00e5 hverdage - se ogs\u00e5 FAQ og f\u00f8lg os p\u00e5 de sociale medier.","keywords":null,"keyphrases":{"focus":{"keyphrase":"Kontakt","score":88,"analysis":{"keyphraseInTitle":{"score":9,"maxScore":9,"error":0},"keyphraseInDescription":{"score":9,"maxScore":9,"error":0},"keyphraseLength":{"score":9,"maxScore":9,"error":0,"length":1},"keyphraseInURL":{"score":5,"maxScore":5,"error":0},"keyphraseInIntroduction":{"score":3,"maxScore":9,"error":1},"keyphraseInSubHeadings":[],"keyphraseInImageAlt":[],"keywordDensity":{"type":"best","score":9,"maxScore":9,"error":0}}},"additional":[]},"primary_term":null,"canonical_url":null,"og_title":null,"og_description":null,"og_object_type":"website","og_image_type":"default","og_image_url":null,"og_image_width":null,"og_image_height":null,"og_image_custom_url":null,"og_image_custom_fields":null,"og_video":"","og_custom_url":null,"og_article_section":null,"og_article_tags":null,"twitter_use_og":false,"twitter_card":"default","twitter_image_type":"default","twitter_image_url":null,"twitter_image_custom_url":null,"twitter_image_custom_fields":null,"twitter_title":null,"twitter_description":null,"schema":{"blockGraphs":[],"customGraphs":[],"default":{"data":{"Article":[],"Course":[],"Dataset":[],"FAQPage":[],"Movie":[],"Person":[],"Product":[],"ProductReview":[],"Car":[],"Recipe":[],"Service":[],"SoftwareApplication":[],"WebPage":[]},"graphName":"WebPage","isEnabled":true},"graphs":[]},"schema_type":"default","schema_type_options":null,"pillar_content":false,"robots_default":true,"robots_noindex":false,"robots_noarchive":false,"robots_nosnippet":false,"robots_nofollow":false,"robots_noimageindex":false,"robots_noodp":false,"robots_notranslate":false,"robots_max_snippet":"-1","robots_max_videopreview":"-1","robots_max_imagepreview":"large","priority":null,"frequency":"default","local_seo":null,"limit_modified_date":false,"reviewed_by":null,"open_ai":{"title":{"suggestions":[],"usage":0},"description":{"suggestions":[],"usage":0}},"created":"2024-11-07 14:24:37","updated":"2026-03-24 10:09:28"},"aioseo_breadcrumb":"<div class=\"aioseo-breadcrumbs\"><span class=\"aioseo-breadcrumb\">\n\t<a href=\"https:\/\/sporthopp.com\/da\" title=\"Hjem\">Hjem<\/a>\n<\/span><span class=\"aioseo-breadcrumb-separator\">&gt;<\/span><span class=\"aioseo-breadcrumb\">\n\tKontakt\n<\/span><\/div>","aioseo_breadcrumb_json":[{"label":"Hjem","link":"https:\/\/sporthopp.com\/da"},{"label":"Kontakt","link":"https:\/\/sporthopp.com\/da\/kontakt\/"}],"_links":{"self":[{"href":"https:\/\/sporthopp.com\/da\/wp-json\/wp\/v2\/pages\/10310","targetHints":{"allow":["GET"]}}],"collection":[{"href":"https:\/\/sporthopp.com\/da\/wp-json\/wp\/v2\/pages"}],"about":[{"href":"https:\/\/sporthopp.com\/da\/wp-json\/wp\/v2\/types\/page"}],"author":[{"embeddable":true,"href":"https:\/\/sporthopp.com\/da\/wp-json\/wp\/v2\/users\/7"}],"replies":[{"embeddable":true,"href":"https:\/\/sporthopp.com\/da\/wp-json\/wp\/v2\/comments?post=10310"}],"version-history":[{"count":3,"href":"https:\/\/sporthopp.com\/da\/wp-json\/wp\/v2\/pages\/10310\/revisions"}],"predecessor-version":[{"id":13628,"href":"https:\/\/sporthopp.com\/da\/wp-json\/wp\/v2\/pages\/10310\/revisions\/13628"}],"wp:attachment":[{"href":"https:\/\/sporthopp.com\/da\/wp-json\/wp\/v2\/media?parent=10310"}],"curies":[{"name":"wp","href":"https:\/\/api.w.org\/{rel}","templated":true}]}}